{"id":18056,"date":"2025-07-06T20:57:14","date_gmt":"2025-07-06T18:57:14","guid":{"rendered":"https:\/\/zentrum-fuer-kunst.de\/?page_id=18056"},"modified":"2025-07-17T13:36:19","modified_gmt":"2025-07-17T11:36:19","slug":"information-for-guests-with-limited-mobility","status":"publish","type":"page","link":"https:\/\/zentrum-fuer-kunst.de\/en\/information-for-guests-with-limited-mobility\/","title":{"rendered":"INFORMATION FOR GUESTS WITH LIMITED MOBILITY"},"content":{"rendered":"<div data-elementor-type=\"wp-page\" data-elementor-id=\"18056\" class=\"elementor elementor-18056\" data-elementor-post-type=\"page\">\n\t\t\t\t\t\t<section class=\"elementor-section elementor-top-section elementor-element elementor-element-cb03478 elementor-section-boxed elementor-section-height-default elementor-section-height-default\" data-id=\"cb03478\" data-element_type=\"section\" data-e-type=\"section\">\n\t\t\t\t\t\t<div class=\"elementor-container elementor-column-gap-default\">\n\t\t\t\t\t<div class=\"elementor-column elementor-col-100 elementor-top-column elementor-element elementor-element-0a72351\" data-id=\"0a72351\" data-element_type=\"column\" data-e-type=\"column\">\n\t\t\t<div class=\"elementor-widget-wrap elementor-element-populated\">\n\t\t\t\t\t\t<div class=\"elementor-element elementor-element-e1226fe elementor-widget elementor-widget-spacer\" data-id=\"e1226fe\" data-element_type=\"widget\" data-e-type=\"widget\" data-widget_type=\"spacer.default\">\n\t\t\t\t<div class=\"elementor-widget-container\">\n\t\t\t\t\t\t\t<div class=\"elementor-spacer\">\n\t\t\t<div class=\"elementor-spacer-inner\"><\/div>\n\t\t<\/div>\n\t\t\t\t\t\t<\/div>\n\t\t\t\t<\/div>\n\t\t\t\t\t<\/div>\n\t\t<\/div>\n\t\t\t\t\t<\/div>\n\t\t<\/section>\n\t\t\t\t<section class=\"elementor-section elementor-top-section elementor-element elementor-element-e04ac70 elementor-section-boxed elementor-section-height-default elementor-section-height-default\" data-id=\"e04ac70\" data-element_type=\"section\" data-e-type=\"section\">\n\t\t\t\t\t\t<div class=\"elementor-container elementor-column-gap-default\">\n\t\t\t\t\t<div class=\"elementor-column elementor-col-100 elementor-top-column elementor-element elementor-element-f006f4e\" data-id=\"f006f4e\" data-element_type=\"column\" data-e-type=\"column\">\n\t\t\t<div class=\"elementor-widget-wrap elementor-element-populated\">\n\t\t\t\t\t\t<div class=\"elementor-element elementor-element-b0c4307 elementor-widget elementor-widget-heading\" data-id=\"b0c4307\" data-element_type=\"widget\" data-e-type=\"widget\" data-widget_type=\"heading.default\">\n\t\t\t\t<div class=\"elementor-widget-container\">\n\t\t\t\t\t<h2 class=\"elementor-heading-title elementor-size-default\">Barrier-Free Access to Events<\/h2>\t\t\t\t<\/div>\n\t\t\t\t<\/div>\n\t\t\t\t\t<\/div>\n\t\t<\/div>\n\t\t\t\t\t<\/div>\n\t\t<\/section>\n\t\t\t\t<section class=\"elementor-section elementor-top-section elementor-element elementor-element-c2b987f elementor-section-boxed elementor-section-height-default elementor-section-height-default\" data-id=\"c2b987f\" data-element_type=\"section\" data-e-type=\"section\">\n\t\t\t\t\t\t<div class=\"elementor-container elementor-column-gap-default\">\n\t\t\t\t\t<div class=\"elementor-column elementor-col-100 elementor-top-column elementor-element elementor-element-0432c04\" data-id=\"0432c04\" data-element_type=\"column\" data-e-type=\"column\">\n\t\t\t<div class=\"elementor-widget-wrap elementor-element-populated\">\n\t\t\t\t\t\t<div class=\"elementor-element elementor-element-494ec86 elementor-widget elementor-widget-spacer\" data-id=\"494ec86\" data-element_type=\"widget\" data-e-type=\"widget\" data-widget_type=\"spacer.default\">\n\t\t\t\t<div class=\"elementor-widget-container\">\n\t\t\t\t\t\t\t<div class=\"elementor-spacer\">\n\t\t\t<div class=\"elementor-spacer-inner\"><\/div>\n\t\t<\/div>\n\t\t\t\t\t\t<\/div>\n\t\t\t\t<\/div>\n\t\t\t\t\t<\/div>\n\t\t<\/div>\n\t\t\t\t\t<\/div>\n\t\t<\/section>\n\t\t\t\t<section class=\"elementor-section elementor-top-section elementor-element elementor-element-17e1e4d elementor-section-boxed elementor-section-height-default elementor-section-height-default\" data-id=\"17e1e4d\" data-element_type=\"section\" data-e-type=\"section\">\n\t\t\t\t\t\t<div class=\"elementor-container elementor-column-gap-default\">\n\t\t\t\t\t<div class=\"elementor-column elementor-col-16 elementor-top-column elementor-element elementor-element-aed9d9e\" data-id=\"aed9d9e\" data-element_type=\"column\" data-e-type=\"column\">\n\t\t\t<div class=\"elementor-widget-wrap\">\n\t\t\t\t\t\t\t<\/div>\n\t\t<\/div>\n\t\t\t\t<div class=\"elementor-column elementor-col-66 elementor-top-column elementor-element elementor-element-5680ff4\" data-id=\"5680ff4\" data-element_type=\"column\" data-e-type=\"column\">\n\t\t\t<div class=\"elementor-widget-wrap elementor-element-populated\">\n\t\t\t\t\t\t<div class=\"elementor-element elementor-element-8bace8f elementor-widget elementor-widget-image\" data-id=\"8bace8f\" data-element_type=\"widget\" data-e-type=\"widget\" data-widget_type=\"image.default\">\n\t\t\t\t<div class=\"elementor-widget-container\">\n\t\t\t\t\t\t\t\t\t\t\t\t\t\t\t\t<a href=\"https:\/\/zentrum-fuer-kunst.de\/wp-content\/uploads\/2024\/09\/web_ZfK_Lageplan-Barrierefrei.pdf\">\n\t\t\t\t\t\t\t<img fetchpriority=\"high\" decoding=\"async\" width=\"768\" height=\"543\" src=\"https:\/\/zentrum-fuer-kunst.de\/wp-content\/uploads\/2024\/09\/web_ZfK_Lageplan-Barrierefrei-768x543.jpg\" class=\"attachment-medium_large size-medium_large wp-image-15229\" alt=\"\" srcset=\"https:\/\/zentrum-fuer-kunst.de\/wp-content\/uploads\/2024\/09\/web_ZfK_Lageplan-Barrierefrei-768x543.jpg 768w, https:\/\/zentrum-fuer-kunst.de\/wp-content\/uploads\/2024\/09\/web_ZfK_Lageplan-Barrierefrei-300x212.jpg 300w, https:\/\/zentrum-fuer-kunst.de\/wp-content\/uploads\/2024\/09\/web_ZfK_Lageplan-Barrierefrei-1024x724.jpg 1024w, https:\/\/zentrum-fuer-kunst.de\/wp-content\/uploads\/2024\/09\/web_ZfK_Lageplan-Barrierefrei-600x424.jpg 600w, https:\/\/zentrum-fuer-kunst.de\/wp-content\/uploads\/2024\/09\/web_ZfK_Lageplan-Barrierefrei.jpg 1500w\" sizes=\"(max-width: 768px) 100vw, 768px\" \/>\t\t\t\t\t\t\t\t<\/a>\n\t\t\t\t\t\t\t\t\t\t\t\t\t\t\t<\/div>\n\t\t\t\t<\/div>\n\t\t\t\t\t<\/div>\n\t\t<\/div>\n\t\t\t\t<div class=\"elementor-column elementor-col-16 elementor-top-column elementor-element elementor-element-67477a1\" data-id=\"67477a1\" data-element_type=\"column\" data-e-type=\"column\">\n\t\t\t<div class=\"elementor-widget-wrap\">\n\t\t\t\t\t\t\t<\/div>\n\t\t<\/div>\n\t\t\t\t\t<\/div>\n\t\t<\/section>\n\t\t\t\t<section class=\"elementor-section elementor-top-section elementor-element elementor-element-6659b59 elementor-section-boxed elementor-section-height-default elementor-section-height-default\" data-id=\"6659b59\" data-element_type=\"section\" data-e-type=\"section\">\n\t\t\t\t\t\t<div class=\"elementor-container elementor-column-gap-default\">\n\t\t\t\t\t<div class=\"elementor-column elementor-col-100 elementor-top-column elementor-element elementor-element-1a936aa\" data-id=\"1a936aa\" data-element_type=\"column\" data-e-type=\"column\">\n\t\t\t<div class=\"elementor-widget-wrap elementor-element-populated\">\n\t\t\t\t\t\t<div class=\"elementor-element elementor-element-94ab102 elementor-widget elementor-widget-spacer\" data-id=\"94ab102\" data-element_type=\"widget\" data-e-type=\"widget\" data-widget_type=\"spacer.default\">\n\t\t\t\t<div class=\"elementor-widget-container\">\n\t\t\t\t\t\t\t<div class=\"elementor-spacer\">\n\t\t\t<div class=\"elementor-spacer-inner\"><\/div>\n\t\t<\/div>\n\t\t\t\t\t\t<\/div>\n\t\t\t\t<\/div>\n\t\t\t\t\t<\/div>\n\t\t<\/div>\n\t\t\t\t\t<\/div>\n\t\t<\/section>\n\t\t\t\t<section class=\"elementor-section elementor-top-section elementor-element elementor-element-f6be3e0 elementor-section-boxed elementor-section-height-default elementor-section-height-default\" data-id=\"f6be3e0\" data-element_type=\"section\" data-e-type=\"section\">\n\t\t\t\t\t\t<div class=\"elementor-container elementor-column-gap-default\">\n\t\t\t\t\t<div class=\"elementor-column elementor-col-100 elementor-top-column elementor-element elementor-element-9f1e443\" data-id=\"9f1e443\" data-element_type=\"column\" data-e-type=\"column\">\n\t\t\t<div class=\"elementor-widget-wrap elementor-element-populated\">\n\t\t\t\t\t\t<div class=\"elementor-element elementor-element-eb34368 elementor-widget-divider--view-line elementor-widget elementor-widget-divider\" data-id=\"eb34368\" data-element_type=\"widget\" data-e-type=\"widget\" data-widget_type=\"divider.default\">\n\t\t\t\t<div class=\"elementor-widget-container\">\n\t\t\t\t\t\t\t<div class=\"elementor-divider\">\n\t\t\t<span class=\"elementor-divider-separator\">\n\t\t\t\t\t\t<\/span>\n\t\t<\/div>\n\t\t\t\t\t\t<\/div>\n\t\t\t\t<\/div>\n\t\t\t\t\t<\/div>\n\t\t<\/div>\n\t\t\t\t\t<\/div>\n\t\t<\/section>\n\t\t\t\t<section class=\"elementor-section elementor-top-section elementor-element elementor-element-cfffda7 elementor-section-boxed elementor-section-height-default elementor-section-height-default\" data-id=\"cfffda7\" data-element_type=\"section\" data-e-type=\"section\">\n\t\t\t\t\t\t<div class=\"elementor-container elementor-column-gap-default\">\n\t\t\t\t\t<div class=\"elementor-column elementor-col-100 elementor-top-column elementor-element elementor-element-ec8da4c\" data-id=\"ec8da4c\" data-element_type=\"column\" data-e-type=\"column\">\n\t\t\t<div class=\"elementor-widget-wrap elementor-element-populated\">\n\t\t\t\t\t\t<div class=\"elementor-element elementor-element-72b6739 elementor-widget elementor-widget-spacer\" data-id=\"72b6739\" data-element_type=\"widget\" data-e-type=\"widget\" data-widget_type=\"spacer.default\">\n\t\t\t\t<div class=\"elementor-widget-container\">\n\t\t\t\t\t\t\t<div class=\"elementor-spacer\">\n\t\t\t<div class=\"elementor-spacer-inner\"><\/div>\n\t\t<\/div>\n\t\t\t\t\t\t<\/div>\n\t\t\t\t<\/div>\n\t\t\t\t\t<\/div>\n\t\t<\/div>\n\t\t\t\t\t<\/div>\n\t\t<\/section>\n\t\t\t\t<section class=\"elementor-section elementor-top-section elementor-element elementor-element-f9ec372 elementor-section-boxed elementor-section-height-default elementor-section-height-default\" data-id=\"f9ec372\" data-element_type=\"section\" data-e-type=\"section\">\n\t\t\t\t\t\t<div class=\"elementor-container elementor-column-gap-default\">\n\t\t\t\t\t<div class=\"elementor-column elementor-col-100 elementor-top-column elementor-element elementor-element-e6d117d\" data-id=\"e6d117d\" data-element_type=\"column\" data-e-type=\"column\">\n\t\t\t<div class=\"elementor-widget-wrap elementor-element-populated\">\n\t\t\t\t\t\t<div class=\"elementor-element elementor-element-9262c57 elementor-widget elementor-widget-text-editor\" data-id=\"9262c57\" data-element_type=\"widget\" data-e-type=\"widget\" data-widget_type=\"text-editor.default\">\n\t\t\t\t<div class=\"elementor-widget-container\">\n\t\t\t\t\t\t\t\t\t<p class=\"p1\">The Zentrum f\u00fcr Kunst is located in the heart of the Tabakquartier in Woltmershausen and features a barrier-free entrance. An elevator provides access to both the event hall floor and the studio floor. The MOBI I parking garage is also barrier-free and offers designated parking spaces for individuals with disabilities. Parking garage address: <b>MOBI I, Am Tabakquartier 4, 28197 Bremen<\/b>.<\/p><p class=\"p1\">\u00a0<br \/>Wheelchair-accessible seating is available online or by phone at <a href=\"https:\/\/www.nordwest-ticket.de\/thema\/zentrum-fuer-kunst\" target=\"_blank\" rel=\"noopener\"><b>Nordwest-Ticket<\/b><\/a> (0421 363636).The ticket policy grants free entry to one accompanying person, while the individual in the wheelchair pays the reduced ticket price. It is recommended to inform the staff at the Zentrum f\u00fcr Kunst in advance if a wheelchair user with a companion will be attending. This allows the team to prepare for entry and seating arrangements accordingly. You can reach us at <a href=\"mailto:zfk@kultur.bremen.de\" target=\"_blank\" rel=\"noopener\"><b>zfk@kultur.bremen.de<\/b><\/a> or by phone at <b>0421 361 32 460<\/b>.<\/p><p class=\"p1\"><br \/>Since all events have open seating, special accommodations are made for guests with limited mobility or disabilities. These guests may enter the hall before the general audience to comfortably select a seat in the front row. Please inform the staff on-site for assistance.<br \/>Wheelchair-accessible restrooms are available both on the ground floor near the event halls and on the first floor near the studios.<\/p><p class=\"p1\">Thank you for your cooperation, and we look forward to welcoming you to the Zentrum f\u00fcr Kunst!<\/p>\t\t\t\t\t\t\t\t<\/div>\n\t\t\t\t<\/div>\n\t\t\t\t\t<\/div>\n\t\t<\/div>\n\t\t\t\t\t<\/div>\n\t\t<\/section>\n\t\t\t\t<section class=\"elementor-section elementor-top-section elementor-element elementor-element-8ebebc6 elementor-section-boxed elementor-section-height-default elementor-section-height-default\" data-id=\"8ebebc6\" data-element_type=\"section\" data-e-type=\"section\">\n\t\t\t\t\t\t<div class=\"elementor-container elementor-column-gap-default\">\n\t\t\t\t\t<div class=\"elementor-column elementor-col-100 elementor-top-column elementor-element elementor-element-e400e4f\" data-id=\"e400e4f\" data-element_type=\"column\" data-e-type=\"column\">\n\t\t\t<div class=\"elementor-widget-wrap elementor-element-populated\">\n\t\t\t\t\t\t<div class=\"elementor-element elementor-element-e932f7f elementor-widget elementor-widget-spacer\" data-id=\"e932f7f\" data-element_type=\"widget\" data-e-type=\"widget\" data-widget_type=\"spacer.default\">\n\t\t\t\t<div class=\"elementor-widget-container\">\n\t\t\t\t\t\t\t<div class=\"elementor-spacer\">\n\t\t\t<div class=\"elementor-spacer-inner\"><\/div>\n\t\t<\/div>\n\t\t\t\t\t\t<\/div>\n\t\t\t\t<\/div>\n\t\t\t\t\t<\/div>\n\t\t<\/div>\n\t\t\t\t\t<\/div>\n\t\t<\/section>\n\t\t\t\t<section class=\"elementor-section elementor-top-section elementor-element elementor-element-aa90659 elementor-section-boxed elementor-section-height-default elementor-section-height-default\" data-id=\"aa90659\" data-element_type=\"section\" data-e-type=\"section\">\n\t\t\t\t\t\t<div class=\"elementor-container elementor-column-gap-default\">\n\t\t\t\t\t<div class=\"elementor-column elementor-col-100 elementor-top-column elementor-element elementor-element-16b98c6\" data-id=\"16b98c6\" data-element_type=\"column\" data-e-type=\"column\">\n\t\t\t<div class=\"elementor-widget-wrap elementor-element-populated\">\n\t\t\t\t\t\t<div class=\"elementor-element elementor-element-24d59c2 elementor-widget elementor-widget-spacer\" data-id=\"24d59c2\" data-element_type=\"widget\" data-e-type=\"widget\" data-widget_type=\"spacer.default\">\n\t\t\t\t<div class=\"elementor-widget-container\">\n\t\t\t\t\t\t\t<div class=\"elementor-spacer\">\n\t\t\t<div class=\"elementor-spacer-inner\"><\/div>\n\t\t<\/div>\n\t\t\t\t\t\t<\/div>\n\t\t\t\t<\/div>\n\t\t\t\t\t<\/div>\n\t\t<\/div>\n\t\t\t\t\t<\/div>\n\t\t<\/section>\n\t\t\t\t<\/div>","protected":false},"excerpt":{"rendered":"<p>Barrier-Free Access to Events The Zentrum f\u00fcr Kunst is located in the heart of the Tabakquartier in Woltmershausen and features a barrier-free entrance. An elevator provides access to both the event hall floor and the studio floor. The MOBI I parking garage is also barrier-free and offers designated parking spaces for individuals with disabilities. Parking&#8230;<\/p>","protected":false},"author":1,"featured_media":15149,"parent":0,"menu_order":0,"comment_status":"closed","ping_status":"closed","template":"","meta":{"_tbt_post_transparent":"","_tbt_post_title":"hide","_tbt_post_layout":"fullwidth","_tbt_post_sidebar_id":"","_tbt_post_content_style":"unboxed","_tbt_post_vertical_padding":"hide","_tbt_post_feature":"hide","_tbt_post_feature_position":"","_tbt_post_header":false,"_tbt_post_footer":false},"class_list":["post-18056","page","type-page","status-publish","has-post-thumbnail","hentry"],"acf":[],"yoast_head":"<!-- This site is optimized with the Yoast SEO plugin v27.3 - https:\/\/yoast.com\/product\/yoast-seo-wordpress\/ -->\n<title>INFORMATION FOR GUESTS WITH LIMITED MOBILITY - Zentrum f\u00fcr Kunst<\/title>\n<meta name=\"description\" content=\"Informationen zum Zugang zum Geb\u00e4ude und zu Veranstaltungen des Zentrums f\u00fcr Kunst f\u00fcr G\u00e4ste mit Mobilit\u00e4tseinschr\u00e4nkungen.\" \/>\n<meta name=\"robots\" content=\"index, follow, max-snippet:-1, max-image-preview:large, max-video-preview:-1\" \/>\n<link rel=\"canonical\" href=\"https:\/\/zentrum-fuer-kunst.de\/en\/information-for-guests-with-limited-mobility\/\" \/>\n<meta property=\"og:locale\" content=\"en_GB\" \/>\n<meta property=\"og:type\" content=\"article\" \/>\n<meta property=\"og:title\" content=\"INFORMATION FOR GUESTS WITH LIMITED MOBILITY - Zentrum f\u00fcr Kunst\" \/>\n<meta property=\"og:description\" content=\"Informationen zum Zugang zum Geb\u00e4ude und zu Veranstaltungen des Zentrums f\u00fcr Kunst f\u00fcr G\u00e4ste mit Mobilit\u00e4tseinschr\u00e4nkungen.\" \/>\n<meta property=\"og:url\" content=\"https:\/\/zentrum-fuer-kunst.de\/en\/information-for-guests-with-limited-mobility\/\" \/>\n<meta property=\"og:site_name\" content=\"Zentrum f\u00fcr Kunst\" \/>\n<meta property=\"article:modified_time\" content=\"2025-07-17T11:36:19+00:00\" \/>\n<meta property=\"og:image\" content=\"https:\/\/zentrum-fuer-kunst.de\/wp-content\/uploads\/2024\/09\/Firefly-wheelchair-standing-between-black-chairs-in-line-at-theatre-61974.jpg\" \/>\n\t<meta property=\"og:image:width\" content=\"2048\" \/>\n\t<meta property=\"og:image:height\" content=\"2048\" \/>\n\t<meta property=\"og:image:type\" content=\"image\/jpeg\" \/>\n<meta name=\"twitter:card\" content=\"summary_large_image\" \/>\n<meta name=\"twitter:label1\" content=\"Estimated reading time\" \/>\n\t<meta name=\"twitter:data1\" content=\"2 minutes\" \/>\n<script type=\"application\/ld+json\" class=\"yoast-schema-graph\">{\"@context\":\"https:\\\/\\\/schema.org\",\"@graph\":[{\"@type\":\"WebPage\",\"@id\":\"https:\\\/\\\/zentrum-fuer-kunst.de\\\/en\\\/information-for-guests-with-limited-mobility\\\/\",\"url\":\"https:\\\/\\\/zentrum-fuer-kunst.de\\\/en\\\/information-for-guests-with-limited-mobility\\\/\",\"name\":\"INFORMATION FOR GUESTS WITH LIMITED MOBILITY - Zentrum f\u00fcr Kunst\",\"isPartOf\":{\"@id\":\"https:\\\/\\\/zentrum-fuer-kunst.de\\\/en\\\/#website\"},\"primaryImageOfPage\":{\"@id\":\"https:\\\/\\\/zentrum-fuer-kunst.de\\\/en\\\/information-for-guests-with-limited-mobility\\\/#primaryimage\"},\"image\":{\"@id\":\"https:\\\/\\\/zentrum-fuer-kunst.de\\\/en\\\/information-for-guests-with-limited-mobility\\\/#primaryimage\"},\"thumbnailUrl\":\"https:\\\/\\\/zentrum-fuer-kunst.de\\\/wp-content\\\/uploads\\\/2024\\\/09\\\/Firefly-wheelchair-standing-between-black-chairs-in-line-at-theatre-61974.jpg\",\"datePublished\":\"2025-07-06T18:57:14+00:00\",\"dateModified\":\"2025-07-17T11:36:19+00:00\",\"description\":\"Informationen zum Zugang zum Geb\u00e4ude und zu Veranstaltungen des Zentrums f\u00fcr Kunst f\u00fcr G\u00e4ste mit Mobilit\u00e4tseinschr\u00e4nkungen.\",\"inLanguage\":\"en-GB\",\"potentialAction\":[{\"@type\":\"ReadAction\",\"target\":[\"https:\\\/\\\/zentrum-fuer-kunst.de\\\/en\\\/information-for-guests-with-limited-mobility\\\/\"]}]},{\"@type\":\"ImageObject\",\"inLanguage\":\"en-GB\",\"@id\":\"https:\\\/\\\/zentrum-fuer-kunst.de\\\/en\\\/information-for-guests-with-limited-mobility\\\/#primaryimage\",\"url\":\"https:\\\/\\\/zentrum-fuer-kunst.de\\\/wp-content\\\/uploads\\\/2024\\\/09\\\/Firefly-wheelchair-standing-between-black-chairs-in-line-at-theatre-61974.jpg\",\"contentUrl\":\"https:\\\/\\\/zentrum-fuer-kunst.de\\\/wp-content\\\/uploads\\\/2024\\\/09\\\/Firefly-wheelchair-standing-between-black-chairs-in-line-at-theatre-61974.jpg\",\"width\":2048,\"height\":2048,\"caption\":\"Rollstuhl im Theatersaal zwischen St\u00fchlen\"},{\"@type\":\"WebSite\",\"@id\":\"https:\\\/\\\/zentrum-fuer-kunst.de\\\/en\\\/#website\",\"url\":\"https:\\\/\\\/zentrum-fuer-kunst.de\\\/en\\\/\",\"name\":\"Zentrum f\u00fcr Kunst\",\"description\":\"B\u00fchnen und Ateliers f\u00fcr die Freie Kunst-Szene Bremen.\",\"publisher\":{\"@id\":\"https:\\\/\\\/zentrum-fuer-kunst.de\\\/en\\\/#organization\"},\"potentialAction\":[{\"@type\":\"SearchAction\",\"target\":{\"@type\":\"EntryPoint\",\"urlTemplate\":\"https:\\\/\\\/zentrum-fuer-kunst.de\\\/en\\\/?s={search_term_string}\"},\"query-input\":{\"@type\":\"PropertyValueSpecification\",\"valueRequired\":true,\"valueName\":\"search_term_string\"}}],\"inLanguage\":\"en-GB\"},{\"@type\":\"Organization\",\"@id\":\"https:\\\/\\\/zentrum-fuer-kunst.de\\\/en\\\/#organization\",\"name\":\"Zentrum f\u00fcr Kunst\",\"url\":\"https:\\\/\\\/zentrum-fuer-kunst.de\\\/en\\\/\",\"logo\":{\"@type\":\"ImageObject\",\"inLanguage\":\"en-GB\",\"@id\":\"https:\\\/\\\/zentrum-fuer-kunst.de\\\/en\\\/#\\\/schema\\\/logo\\\/image\\\/\",\"url\":\"https:\\\/\\\/zentrum-fuer-kunst.de\\\/wp-content\\\/uploads\\\/2023\\\/07\\\/cropped-Logo_Zentrum_fuer_Kunst_weiss-2.png\",\"contentUrl\":\"https:\\\/\\\/zentrum-fuer-kunst.de\\\/wp-content\\\/uploads\\\/2023\\\/07\\\/cropped-Logo_Zentrum_fuer_Kunst_weiss-2.png\",\"width\":767,\"height\":290,\"caption\":\"Zentrum f\u00fcr Kunst\"},\"image\":{\"@id\":\"https:\\\/\\\/zentrum-fuer-kunst.de\\\/en\\\/#\\\/schema\\\/logo\\\/image\\\/\"}}]}<\/script>\n<!-- \/ Yoast SEO plugin. -->","yoast_head_json":{"title":"INFORMATION FOR GUESTS WITH LIMITED MOBILITY - Zentrum f\u00fcr Kunst","description":"Informationen zum Zugang zum Geb\u00e4ude und zu Veranstaltungen des Zentrums f\u00fcr Kunst f\u00fcr G\u00e4ste mit Mobilit\u00e4tseinschr\u00e4nkungen.","robots":{"index":"index","follow":"follow","max-snippet":"max-snippet:-1","max-image-preview":"max-image-preview:large","max-video-preview":"max-video-preview:-1"},"canonical":"https:\/\/zentrum-fuer-kunst.de\/en\/information-for-guests-with-limited-mobility\/","og_locale":"en_GB","og_type":"article","og_title":"INFORMATION FOR GUESTS WITH LIMITED MOBILITY - Zentrum f\u00fcr Kunst","og_description":"Informationen zum Zugang zum Geb\u00e4ude und zu Veranstaltungen des Zentrums f\u00fcr Kunst f\u00fcr G\u00e4ste mit Mobilit\u00e4tseinschr\u00e4nkungen.","og_url":"https:\/\/zentrum-fuer-kunst.de\/en\/information-for-guests-with-limited-mobility\/","og_site_name":"Zentrum f\u00fcr Kunst","article_modified_time":"2025-07-17T11:36:19+00:00","og_image":[{"width":2048,"height":2048,"url":"https:\/\/zentrum-fuer-kunst.de\/wp-content\/uploads\/2024\/09\/Firefly-wheelchair-standing-between-black-chairs-in-line-at-theatre-61974.jpg","type":"image\/jpeg"}],"twitter_card":"summary_large_image","twitter_misc":{"Estimated reading time":"2 minutes"},"schema":{"@context":"https:\/\/schema.org","@graph":[{"@type":"WebPage","@id":"https:\/\/zentrum-fuer-kunst.de\/en\/information-for-guests-with-limited-mobility\/","url":"https:\/\/zentrum-fuer-kunst.de\/en\/information-for-guests-with-limited-mobility\/","name":"INFORMATION FOR GUESTS WITH LIMITED MOBILITY - Zentrum f\u00fcr Kunst","isPartOf":{"@id":"https:\/\/zentrum-fuer-kunst.de\/en\/#website"},"primaryImageOfPage":{"@id":"https:\/\/zentrum-fuer-kunst.de\/en\/information-for-guests-with-limited-mobility\/#primaryimage"},"image":{"@id":"https:\/\/zentrum-fuer-kunst.de\/en\/information-for-guests-with-limited-mobility\/#primaryimage"},"thumbnailUrl":"https:\/\/zentrum-fuer-kunst.de\/wp-content\/uploads\/2024\/09\/Firefly-wheelchair-standing-between-black-chairs-in-line-at-theatre-61974.jpg","datePublished":"2025-07-06T18:57:14+00:00","dateModified":"2025-07-17T11:36:19+00:00","description":"Informationen zum Zugang zum Geb\u00e4ude und zu Veranstaltungen des Zentrums f\u00fcr Kunst f\u00fcr G\u00e4ste mit Mobilit\u00e4tseinschr\u00e4nkungen.","inLanguage":"en-GB","potentialAction":[{"@type":"ReadAction","target":["https:\/\/zentrum-fuer-kunst.de\/en\/information-for-guests-with-limited-mobility\/"]}]},{"@type":"ImageObject","inLanguage":"en-GB","@id":"https:\/\/zentrum-fuer-kunst.de\/en\/information-for-guests-with-limited-mobility\/#primaryimage","url":"https:\/\/zentrum-fuer-kunst.de\/wp-content\/uploads\/2024\/09\/Firefly-wheelchair-standing-between-black-chairs-in-line-at-theatre-61974.jpg","contentUrl":"https:\/\/zentrum-fuer-kunst.de\/wp-content\/uploads\/2024\/09\/Firefly-wheelchair-standing-between-black-chairs-in-line-at-theatre-61974.jpg","width":2048,"height":2048,"caption":"Rollstuhl im Theatersaal zwischen St\u00fchlen"},{"@type":"WebSite","@id":"https:\/\/zentrum-fuer-kunst.de\/en\/#website","url":"https:\/\/zentrum-fuer-kunst.de\/en\/","name":"Zentrum f\u00fcr Kunst","description":"B\u00fchnen und Ateliers f\u00fcr die Freie Kunst-Szene Bremen.","publisher":{"@id":"https:\/\/zentrum-fuer-kunst.de\/en\/#organization"},"potentialAction":[{"@type":"SearchAction","target":{"@type":"EntryPoint","urlTemplate":"https:\/\/zentrum-fuer-kunst.de\/en\/?s={search_term_string}"},"query-input":{"@type":"PropertyValueSpecification","valueRequired":true,"valueName":"search_term_string"}}],"inLanguage":"en-GB"},{"@type":"Organization","@id":"https:\/\/zentrum-fuer-kunst.de\/en\/#organization","name":"Zentrum f\u00fcr Kunst","url":"https:\/\/zentrum-fuer-kunst.de\/en\/","logo":{"@type":"ImageObject","inLanguage":"en-GB","@id":"https:\/\/zentrum-fuer-kunst.de\/en\/#\/schema\/logo\/image\/","url":"https:\/\/zentrum-fuer-kunst.de\/wp-content\/uploads\/2023\/07\/cropped-Logo_Zentrum_fuer_Kunst_weiss-2.png","contentUrl":"https:\/\/zentrum-fuer-kunst.de\/wp-content\/uploads\/2023\/07\/cropped-Logo_Zentrum_fuer_Kunst_weiss-2.png","width":767,"height":290,"caption":"Zentrum f\u00fcr Kunst"},"image":{"@id":"https:\/\/zentrum-fuer-kunst.de\/en\/#\/schema\/logo\/image\/"}}]}},"_links":{"self":[{"href":"https:\/\/zentrum-fuer-kunst.de\/en\/wp-json\/wp\/v2\/pages\/18056","targetHints":{"allow":["GET"]}}],"collection":[{"href":"https:\/\/zentrum-fuer-kunst.de\/en\/wp-json\/wp\/v2\/pages"}],"about":[{"href":"https:\/\/zentrum-fuer-kunst.de\/en\/wp-json\/wp\/v2\/types\/page"}],"author":[{"embeddable":true,"href":"https:\/\/zentrum-fuer-kunst.de\/en\/wp-json\/wp\/v2\/users\/1"}],"replies":[{"embeddable":true,"href":"https:\/\/zentrum-fuer-kunst.de\/en\/wp-json\/wp\/v2\/comments?post=18056"}],"version-history":[{"count":16,"href":"https:\/\/zentrum-fuer-kunst.de\/en\/wp-json\/wp\/v2\/pages\/18056\/revisions"}],"predecessor-version":[{"id":18413,"href":"https:\/\/zentrum-fuer-kunst.de\/en\/wp-json\/wp\/v2\/pages\/18056\/revisions\/18413"}],"wp:featuredmedia":[{"embeddable":true,"href":"https:\/\/zentrum-fuer-kunst.de\/en\/wp-json\/wp\/v2\/media\/15149"}],"wp:attachment":[{"href":"https:\/\/zentrum-fuer-kunst.de\/en\/wp-json\/wp\/v2\/media?parent=18056"}],"curies":[{"name":"wp","href":"https:\/\/api.w.org\/{rel}","templated":true}]}}