{"id":18061,"date":"2025-07-06T21:00:04","date_gmt":"2025-07-06T19:00:04","guid":{"rendered":"https:\/\/zentrum-fuer-kunst.de\/?page_id=18061"},"modified":"2025-08-19T12:22:04","modified_gmt":"2025-08-19T10:22:04","slug":"calls-for-tenders","status":"publish","type":"page","link":"https:\/\/zentrum-fuer-kunst.de\/en\/calls-for-tenders\/","title":{"rendered":"CALLS FOR TENDERS"},"content":{"rendered":"<div data-elementor-type=\"wp-page\" data-elementor-id=\"18061\" class=\"elementor elementor-18061\" data-elementor-post-type=\"page\">\n\t\t\t\t\t\t<section class=\"elementor-section elementor-top-section elementor-element elementor-element-eafdbc7 elementor-section-boxed elementor-section-height-default elementor-section-height-default\" data-id=\"eafdbc7\" data-element_type=\"section\" data-e-type=\"section\">\n\t\t\t\t\t\t<div class=\"elementor-container elementor-column-gap-default\">\n\t\t\t\t\t<div class=\"elementor-column elementor-col-100 elementor-top-column elementor-element elementor-element-a5a56c8\" data-id=\"a5a56c8\" data-element_type=\"column\" data-e-type=\"column\">\n\t\t\t<div class=\"elementor-widget-wrap elementor-element-populated\">\n\t\t\t\t\t\t<div class=\"elementor-element elementor-element-07495d5 elementor-widget elementor-widget-heading\" data-id=\"07495d5\" data-element_type=\"widget\" data-e-type=\"widget\" data-widget_type=\"heading.default\">\n\t\t\t\t<div class=\"elementor-widget-container\">\n\t\t\t\t\t<h2 class=\"elementor-heading-title elementor-size-default\">calls for tenders<\/h2>\t\t\t\t<\/div>\n\t\t\t\t<\/div>\n\t\t\t\t\t<\/div>\n\t\t<\/div>\n\t\t\t\t\t<\/div>\n\t\t<\/section>\n\t\t\t\t<section class=\"elementor-section elementor-top-section elementor-element elementor-element-bf7cafc elementor-section-boxed elementor-section-height-default elementor-section-height-default\" data-id=\"bf7cafc\" data-element_type=\"section\" data-e-type=\"section\">\n\t\t\t\t\t\t<div class=\"elementor-container elementor-column-gap-default\">\n\t\t\t\t\t<div class=\"elementor-column elementor-col-100 elementor-top-column elementor-element elementor-element-af2c76b\" data-id=\"af2c76b\" data-element_type=\"column\" data-e-type=\"column\">\n\t\t\t<div class=\"elementor-widget-wrap elementor-element-populated\">\n\t\t\t\t\t\t<div class=\"elementor-element elementor-element-1c84e93 elementor-widget elementor-widget-spacer\" data-id=\"1c84e93\" data-element_type=\"widget\" data-e-type=\"widget\" data-widget_type=\"spacer.default\">\n\t\t\t\t<div class=\"elementor-widget-container\">\n\t\t\t\t\t\t\t<div class=\"elementor-spacer\">\n\t\t\t<div class=\"elementor-spacer-inner\"><\/div>\n\t\t<\/div>\n\t\t\t\t\t\t<\/div>\n\t\t\t\t<\/div>\n\t\t\t\t\t<\/div>\n\t\t<\/div>\n\t\t\t\t\t<\/div>\n\t\t<\/section>\n\t\t\t\t<section class=\"elementor-section elementor-top-section elementor-element elementor-element-2017149 elementor-section-boxed elementor-section-height-default elementor-section-height-default\" data-id=\"2017149\" data-element_type=\"section\" data-e-type=\"section\">\n\t\t\t\t\t\t<div class=\"elementor-container elementor-column-gap-default\">\n\t\t\t\t\t<div class=\"elementor-column elementor-col-100 elementor-top-column elementor-element elementor-element-efcb3ab\" data-id=\"efcb3ab\" data-element_type=\"column\" data-e-type=\"column\">\n\t\t\t<div class=\"elementor-widget-wrap elementor-element-populated\">\n\t\t\t\t\t\t<div class=\"elementor-element elementor-element-dcdf103 elementor-widget-divider--view-line elementor-widget elementor-widget-divider\" data-id=\"dcdf103\" data-element_type=\"widget\" data-e-type=\"widget\" data-widget_type=\"divider.default\">\n\t\t\t\t<div class=\"elementor-widget-container\">\n\t\t\t\t\t\t\t<div class=\"elementor-divider\">\n\t\t\t<span class=\"elementor-divider-separator\">\n\t\t\t\t\t\t<\/span>\n\t\t<\/div>\n\t\t\t\t\t\t<\/div>\n\t\t\t\t<\/div>\n\t\t\t\t<div class=\"elementor-element elementor-element-e9b7d54 elementor-widget elementor-widget-text-editor\" data-id=\"e9b7d54\" data-element_type=\"widget\" data-e-type=\"widget\" data-widget_type=\"text-editor.default\">\n\t\t\t\t<div class=\"elementor-widget-container\">\n\t\t\t\t\t\t\t\t\t<p>There are currently no tenders available.<\/p>\t\t\t\t\t\t\t\t<\/div>\n\t\t\t\t<\/div>\n\t\t\t\t\t<\/div>\n\t\t<\/div>\n\t\t\t\t\t<\/div>\n\t\t<\/section>\n\t\t\t\t<section class=\"elementor-section elementor-top-section elementor-element elementor-element-2fe3848 elementor-section-boxed elementor-section-height-default elementor-section-height-default\" data-id=\"2fe3848\" data-element_type=\"section\" data-e-type=\"section\">\n\t\t\t\t\t\t<div class=\"elementor-container elementor-column-gap-default\">\n\t\t\t\t\t<div class=\"elementor-column elementor-col-100 elementor-top-column elementor-element elementor-element-a2cde4a\" data-id=\"a2cde4a\" data-element_type=\"column\" data-e-type=\"column\">\n\t\t\t<div class=\"elementor-widget-wrap elementor-element-populated\">\n\t\t\t\t\t\t<div class=\"elementor-element elementor-element-4d9a683 elementor-widget elementor-widget-spacer\" data-id=\"4d9a683\" data-element_type=\"widget\" data-e-type=\"widget\" data-widget_type=\"spacer.default\">\n\t\t\t\t<div class=\"elementor-widget-container\">\n\t\t\t\t\t\t\t<div class=\"elementor-spacer\">\n\t\t\t<div class=\"elementor-spacer-inner\"><\/div>\n\t\t<\/div>\n\t\t\t\t\t\t<\/div>\n\t\t\t\t<\/div>\n\t\t\t\t\t<\/div>\n\t\t<\/div>\n\t\t\t\t\t<\/div>\n\t\t<\/section>\n\t\t\t\t<section class=\"elementor-section elementor-top-section elementor-element elementor-element-9ffbef3 elementor-section-boxed elementor-section-height-default elementor-section-height-default\" data-id=\"9ffbef3\" data-element_type=\"section\" data-e-type=\"section\">\n\t\t\t\t\t\t<div class=\"elementor-container elementor-column-gap-default\">\n\t\t\t\t\t<div class=\"elementor-column elementor-col-100 elementor-top-column elementor-element elementor-element-d2d9505\" data-id=\"d2d9505\" data-element_type=\"column\" data-e-type=\"column\">\n\t\t\t<div class=\"elementor-widget-wrap elementor-element-populated\">\n\t\t\t\t\t\t<div class=\"elementor-element elementor-element-222a6b5 elementor-widget elementor-widget-spacer\" data-id=\"222a6b5\" data-element_type=\"widget\" data-e-type=\"widget\" data-widget_type=\"spacer.default\">\n\t\t\t\t<div class=\"elementor-widget-container\">\n\t\t\t\t\t\t\t<div class=\"elementor-spacer\">\n\t\t\t<div class=\"elementor-spacer-inner\"><\/div>\n\t\t<\/div>\n\t\t\t\t\t\t<\/div>\n\t\t\t\t<\/div>\n\t\t\t\t\t<\/div>\n\t\t<\/div>\n\t\t\t\t\t<\/div>\n\t\t<\/section>\n\t\t\t\t<section class=\"elementor-section elementor-top-section elementor-element elementor-element-0098a64 elementor-section-boxed elementor-section-height-default elementor-section-height-default\" data-id=\"0098a64\" data-element_type=\"section\" data-e-type=\"section\">\n\t\t\t\t\t\t<div class=\"elementor-container elementor-column-gap-default\">\n\t\t\t\t\t<div class=\"elementor-column elementor-col-100 elementor-top-column elementor-element elementor-element-00d9604\" data-id=\"00d9604\" data-element_type=\"column\" data-e-type=\"column\">\n\t\t\t<div class=\"elementor-widget-wrap elementor-element-populated\">\n\t\t\t\t\t\t<div class=\"elementor-element elementor-element-e958d15 elementor-widget elementor-widget-spacer\" data-id=\"e958d15\" data-element_type=\"widget\" data-e-type=\"widget\" data-widget_type=\"spacer.default\">\n\t\t\t\t<div class=\"elementor-widget-container\">\n\t\t\t\t\t\t\t<div class=\"elementor-spacer\">\n\t\t\t<div class=\"elementor-spacer-inner\"><\/div>\n\t\t<\/div>\n\t\t\t\t\t\t<\/div>\n\t\t\t\t<\/div>\n\t\t\t\t\t<\/div>\n\t\t<\/div>\n\t\t\t\t\t<\/div>\n\t\t<\/section>\n\t\t\t\t<\/div>","protected":false},"excerpt":{"rendered":"<p>calls for tenders There are currently no tenders available.<\/p>","protected":false},"author":1,"featured_media":12440,"parent":0,"menu_order":1,"comment_status":"closed","ping_status":"closed","template":"","meta":{"_tbt_post_transparent":"default","_tbt_post_title":"default","_tbt_post_layout":"default","_tbt_post_sidebar_id":"","_tbt_post_content_style":"default","_tbt_post_vertical_padding":"","_tbt_post_feature":"default","_tbt_post_feature_position":"behind","_tbt_post_header":false,"_tbt_post_footer":false},"class_list":["post-18061","page","type-page","status-publish","has-post-thumbnail","hentry"],"acf":[],"yoast_head":"<!-- This site is optimized with the Yoast SEO plugin v27.3 - https:\/\/yoast.com\/product\/yoast-seo-wordpress\/ -->\n<title>CALLS FOR TENDERS - Zentrum f\u00fcr Kunst<\/title>\n<meta name=\"description\" content=\"Das Zentrum f\u00fcr Kunst im Tabakquartier in Woltmershausen ist Teil des Kulturressorts Bremen. Hier finden Sie die aktuellen Ausschreibungen.\" \/>\n<meta name=\"robots\" content=\"index, follow, max-snippet:-1, max-image-preview:large, max-video-preview:-1\" \/>\n<link rel=\"canonical\" href=\"https:\/\/zentrum-fuer-kunst.de\/en\/calls-for-tenders\/\" \/>\n<meta property=\"og:locale\" content=\"en_GB\" \/>\n<meta property=\"og:type\" content=\"article\" \/>\n<meta property=\"og:title\" content=\"CALLS FOR TENDERS - Zentrum f\u00fcr Kunst\" \/>\n<meta property=\"og:description\" content=\"Das Zentrum f\u00fcr Kunst im Tabakquartier in Woltmershausen ist Teil des Kulturressorts Bremen. Hier finden Sie die aktuellen Ausschreibungen.\" \/>\n<meta property=\"og:url\" content=\"https:\/\/zentrum-fuer-kunst.de\/en\/calls-for-tenders\/\" \/>\n<meta property=\"og:site_name\" content=\"Zentrum f\u00fcr Kunst\" \/>\n<meta property=\"article:modified_time\" content=\"2025-08-19T10:22:04+00:00\" \/>\n<meta property=\"og:image\" content=\"https:\/\/zentrum-fuer-kunst.de\/wp-content\/uploads\/2023\/09\/ZFK_Fassade_2-e1693813785324.jpg\" \/>\n\t<meta property=\"og:image:width\" content=\"1500\" \/>\n\t<meta property=\"og:image:height\" content=\"931\" \/>\n\t<meta property=\"og:image:type\" content=\"image\/jpeg\" \/>\n<meta name=\"twitter:card\" content=\"summary_large_image\" \/>\n<meta name=\"twitter:label1\" content=\"Estimated reading time\" \/>\n\t<meta name=\"twitter:data1\" content=\"1 minute\" \/>\n<script type=\"application\/ld+json\" class=\"yoast-schema-graph\">{\"@context\":\"https:\\\/\\\/schema.org\",\"@graph\":[{\"@type\":\"WebPage\",\"@id\":\"https:\\\/\\\/zentrum-fuer-kunst.de\\\/en\\\/calls-for-tenders\\\/\",\"url\":\"https:\\\/\\\/zentrum-fuer-kunst.de\\\/en\\\/calls-for-tenders\\\/\",\"name\":\"CALLS FOR TENDERS - Zentrum f\u00fcr Kunst\",\"isPartOf\":{\"@id\":\"https:\\\/\\\/zentrum-fuer-kunst.de\\\/en\\\/#website\"},\"primaryImageOfPage\":{\"@id\":\"https:\\\/\\\/zentrum-fuer-kunst.de\\\/en\\\/calls-for-tenders\\\/#primaryimage\"},\"image\":{\"@id\":\"https:\\\/\\\/zentrum-fuer-kunst.de\\\/en\\\/calls-for-tenders\\\/#primaryimage\"},\"thumbnailUrl\":\"https:\\\/\\\/zentrum-fuer-kunst.de\\\/wp-content\\\/uploads\\\/2023\\\/09\\\/ZFK_Fassade_2-e1693813785324.jpg\",\"datePublished\":\"2025-07-06T19:00:04+00:00\",\"dateModified\":\"2025-08-19T10:22:04+00:00\",\"description\":\"Das Zentrum f\u00fcr Kunst im Tabakquartier in Woltmershausen ist Teil des Kulturressorts Bremen. Hier finden Sie die aktuellen Ausschreibungen.\",\"inLanguage\":\"en-GB\",\"potentialAction\":[{\"@type\":\"ReadAction\",\"target\":[\"https:\\\/\\\/zentrum-fuer-kunst.de\\\/en\\\/calls-for-tenders\\\/\"]}]},{\"@type\":\"ImageObject\",\"inLanguage\":\"en-GB\",\"@id\":\"https:\\\/\\\/zentrum-fuer-kunst.de\\\/en\\\/calls-for-tenders\\\/#primaryimage\",\"url\":\"https:\\\/\\\/zentrum-fuer-kunst.de\\\/wp-content\\\/uploads\\\/2023\\\/09\\\/ZFK_Fassade_2-e1693813785324.jpg\",\"contentUrl\":\"https:\\\/\\\/zentrum-fuer-kunst.de\\\/wp-content\\\/uploads\\\/2023\\\/09\\\/ZFK_Fassade_2-e1693813785324.jpg\",\"width\":1500,\"height\":931,\"caption\":\"Au\u00dfenansicht des Zentrums f\u00fcr Kunst im Tabakquartier, Foto: Senator f\u00fcr Kultur\"},{\"@type\":\"WebSite\",\"@id\":\"https:\\\/\\\/zentrum-fuer-kunst.de\\\/en\\\/#website\",\"url\":\"https:\\\/\\\/zentrum-fuer-kunst.de\\\/en\\\/\",\"name\":\"Zentrum f\u00fcr Kunst\",\"description\":\"B\u00fchnen und Ateliers f\u00fcr die Freie Kunst-Szene Bremen.\",\"publisher\":{\"@id\":\"https:\\\/\\\/zentrum-fuer-kunst.de\\\/en\\\/#organization\"},\"potentialAction\":[{\"@type\":\"SearchAction\",\"target\":{\"@type\":\"EntryPoint\",\"urlTemplate\":\"https:\\\/\\\/zentrum-fuer-kunst.de\\\/en\\\/?s={search_term_string}\"},\"query-input\":{\"@type\":\"PropertyValueSpecification\",\"valueRequired\":true,\"valueName\":\"search_term_string\"}}],\"inLanguage\":\"en-GB\"},{\"@type\":\"Organization\",\"@id\":\"https:\\\/\\\/zentrum-fuer-kunst.de\\\/en\\\/#organization\",\"name\":\"Zentrum f\u00fcr Kunst\",\"url\":\"https:\\\/\\\/zentrum-fuer-kunst.de\\\/en\\\/\",\"logo\":{\"@type\":\"ImageObject\",\"inLanguage\":\"en-GB\",\"@id\":\"https:\\\/\\\/zentrum-fuer-kunst.de\\\/en\\\/#\\\/schema\\\/logo\\\/image\\\/\",\"url\":\"https:\\\/\\\/zentrum-fuer-kunst.de\\\/wp-content\\\/uploads\\\/2023\\\/07\\\/cropped-Logo_Zentrum_fuer_Kunst_weiss-2.png\",\"contentUrl\":\"https:\\\/\\\/zentrum-fuer-kunst.de\\\/wp-content\\\/uploads\\\/2023\\\/07\\\/cropped-Logo_Zentrum_fuer_Kunst_weiss-2.png\",\"width\":767,\"height\":290,\"caption\":\"Zentrum f\u00fcr Kunst\"},\"image\":{\"@id\":\"https:\\\/\\\/zentrum-fuer-kunst.de\\\/en\\\/#\\\/schema\\\/logo\\\/image\\\/\"}}]}<\/script>\n<!-- \/ Yoast SEO plugin. -->","yoast_head_json":{"title":"CALLS FOR TENDERS - Zentrum f\u00fcr Kunst","description":"Das Zentrum f\u00fcr Kunst im Tabakquartier in Woltmershausen ist Teil des Kulturressorts Bremen. Hier finden Sie die aktuellen Ausschreibungen.","robots":{"index":"index","follow":"follow","max-snippet":"max-snippet:-1","max-image-preview":"max-image-preview:large","max-video-preview":"max-video-preview:-1"},"canonical":"https:\/\/zentrum-fuer-kunst.de\/en\/calls-for-tenders\/","og_locale":"en_GB","og_type":"article","og_title":"CALLS FOR TENDERS - Zentrum f\u00fcr Kunst","og_description":"Das Zentrum f\u00fcr Kunst im Tabakquartier in Woltmershausen ist Teil des Kulturressorts Bremen. Hier finden Sie die aktuellen Ausschreibungen.","og_url":"https:\/\/zentrum-fuer-kunst.de\/en\/calls-for-tenders\/","og_site_name":"Zentrum f\u00fcr Kunst","article_modified_time":"2025-08-19T10:22:04+00:00","og_image":[{"width":1500,"height":931,"url":"https:\/\/zentrum-fuer-kunst.de\/wp-content\/uploads\/2023\/09\/ZFK_Fassade_2-e1693813785324.jpg","type":"image\/jpeg"}],"twitter_card":"summary_large_image","twitter_misc":{"Estimated reading time":"1 minute"},"schema":{"@context":"https:\/\/schema.org","@graph":[{"@type":"WebPage","@id":"https:\/\/zentrum-fuer-kunst.de\/en\/calls-for-tenders\/","url":"https:\/\/zentrum-fuer-kunst.de\/en\/calls-for-tenders\/","name":"CALLS FOR TENDERS - Zentrum f\u00fcr Kunst","isPartOf":{"@id":"https:\/\/zentrum-fuer-kunst.de\/en\/#website"},"primaryImageOfPage":{"@id":"https:\/\/zentrum-fuer-kunst.de\/en\/calls-for-tenders\/#primaryimage"},"image":{"@id":"https:\/\/zentrum-fuer-kunst.de\/en\/calls-for-tenders\/#primaryimage"},"thumbnailUrl":"https:\/\/zentrum-fuer-kunst.de\/wp-content\/uploads\/2023\/09\/ZFK_Fassade_2-e1693813785324.jpg","datePublished":"2025-07-06T19:00:04+00:00","dateModified":"2025-08-19T10:22:04+00:00","description":"Das Zentrum f\u00fcr Kunst im Tabakquartier in Woltmershausen ist Teil des Kulturressorts Bremen. Hier finden Sie die aktuellen Ausschreibungen.","inLanguage":"en-GB","potentialAction":[{"@type":"ReadAction","target":["https:\/\/zentrum-fuer-kunst.de\/en\/calls-for-tenders\/"]}]},{"@type":"ImageObject","inLanguage":"en-GB","@id":"https:\/\/zentrum-fuer-kunst.de\/en\/calls-for-tenders\/#primaryimage","url":"https:\/\/zentrum-fuer-kunst.de\/wp-content\/uploads\/2023\/09\/ZFK_Fassade_2-e1693813785324.jpg","contentUrl":"https:\/\/zentrum-fuer-kunst.de\/wp-content\/uploads\/2023\/09\/ZFK_Fassade_2-e1693813785324.jpg","width":1500,"height":931,"caption":"Au\u00dfenansicht des Zentrums f\u00fcr Kunst im Tabakquartier, Foto: Senator f\u00fcr Kultur"},{"@type":"WebSite","@id":"https:\/\/zentrum-fuer-kunst.de\/en\/#website","url":"https:\/\/zentrum-fuer-kunst.de\/en\/","name":"Zentrum f\u00fcr Kunst","description":"B\u00fchnen und Ateliers f\u00fcr die Freie Kunst-Szene Bremen.","publisher":{"@id":"https:\/\/zentrum-fuer-kunst.de\/en\/#organization"},"potentialAction":[{"@type":"SearchAction","target":{"@type":"EntryPoint","urlTemplate":"https:\/\/zentrum-fuer-kunst.de\/en\/?s={search_term_string}"},"query-input":{"@type":"PropertyValueSpecification","valueRequired":true,"valueName":"search_term_string"}}],"inLanguage":"en-GB"},{"@type":"Organization","@id":"https:\/\/zentrum-fuer-kunst.de\/en\/#organization","name":"Zentrum f\u00fcr Kunst","url":"https:\/\/zentrum-fuer-kunst.de\/en\/","logo":{"@type":"ImageObject","inLanguage":"en-GB","@id":"https:\/\/zentrum-fuer-kunst.de\/en\/#\/schema\/logo\/image\/","url":"https:\/\/zentrum-fuer-kunst.de\/wp-content\/uploads\/2023\/07\/cropped-Logo_Zentrum_fuer_Kunst_weiss-2.png","contentUrl":"https:\/\/zentrum-fuer-kunst.de\/wp-content\/uploads\/2023\/07\/cropped-Logo_Zentrum_fuer_Kunst_weiss-2.png","width":767,"height":290,"caption":"Zentrum f\u00fcr Kunst"},"image":{"@id":"https:\/\/zentrum-fuer-kunst.de\/en\/#\/schema\/logo\/image\/"}}]}},"_links":{"self":[{"href":"https:\/\/zentrum-fuer-kunst.de\/en\/wp-json\/wp\/v2\/pages\/18061","targetHints":{"allow":["GET"]}}],"collection":[{"href":"https:\/\/zentrum-fuer-kunst.de\/en\/wp-json\/wp\/v2\/pages"}],"about":[{"href":"https:\/\/zentrum-fuer-kunst.de\/en\/wp-json\/wp\/v2\/types\/page"}],"author":[{"embeddable":true,"href":"https:\/\/zentrum-fuer-kunst.de\/en\/wp-json\/wp\/v2\/users\/1"}],"replies":[{"embeddable":true,"href":"https:\/\/zentrum-fuer-kunst.de\/en\/wp-json\/wp\/v2\/comments?post=18061"}],"version-history":[{"count":13,"href":"https:\/\/zentrum-fuer-kunst.de\/en\/wp-json\/wp\/v2\/pages\/18061\/revisions"}],"predecessor-version":[{"id":19220,"href":"https:\/\/zentrum-fuer-kunst.de\/en\/wp-json\/wp\/v2\/pages\/18061\/revisions\/19220"}],"wp:featuredmedia":[{"embeddable":true,"href":"https:\/\/zentrum-fuer-kunst.de\/en\/wp-json\/wp\/v2\/media\/12440"}],"wp:attachment":[{"href":"https:\/\/zentrum-fuer-kunst.de\/en\/wp-json\/wp\/v2\/media?parent=18061"}],"curies":[{"name":"wp","href":"https:\/\/api.w.org\/{rel}","templated":true}]}}