{"id":18071,"date":"2025-07-06T21:04:16","date_gmt":"2025-07-06T19:04:16","guid":{"rendered":"https:\/\/zentrum-fuer-kunst.de\/?page_id=18071"},"modified":"2025-08-19T12:22:55","modified_gmt":"2025-08-19T10:22:55","slug":"contact-persons","status":"publish","type":"page","link":"https:\/\/zentrum-fuer-kunst.de\/en\/contact-persons\/","title":{"rendered":"CONTACT PERSONS"},"content":{"rendered":"<div data-elementor-type=\"wp-page\" data-elementor-id=\"18071\" class=\"elementor elementor-18071\" data-elementor-post-type=\"page\">\n\t\t\t\t\t\t<section class=\"elementor-section elementor-top-section elementor-element elementor-element-eafdbc7 elementor-section-boxed elementor-section-height-default elementor-section-height-default\" data-id=\"eafdbc7\" data-element_type=\"section\" data-e-type=\"section\">\n\t\t\t\t\t\t<div class=\"elementor-container elementor-column-gap-default\">\n\t\t\t\t\t<div class=\"elementor-column elementor-col-100 elementor-top-column elementor-element elementor-element-a5a56c8\" data-id=\"a5a56c8\" data-element_type=\"column\" data-e-type=\"column\">\n\t\t\t<div class=\"elementor-widget-wrap elementor-element-populated\">\n\t\t\t\t\t\t<div class=\"elementor-element elementor-element-07495d5 elementor-widget elementor-widget-heading\" data-id=\"07495d5\" data-element_type=\"widget\" data-e-type=\"widget\" data-widget_type=\"heading.default\">\n\t\t\t\t<div class=\"elementor-widget-container\">\n\t\t\t\t\t<h2 class=\"elementor-heading-title elementor-size-default\">Contact Persons<\/h2>\t\t\t\t<\/div>\n\t\t\t\t<\/div>\n\t\t\t\t\t<\/div>\n\t\t<\/div>\n\t\t\t\t\t<\/div>\n\t\t<\/section>\n\t\t\t\t<section class=\"elementor-section elementor-top-section elementor-element elementor-element-16a4de4 elementor-section-boxed elementor-section-height-default elementor-section-height-default\" data-id=\"16a4de4\" data-element_type=\"section\" data-e-type=\"section\">\n\t\t\t\t\t\t<div class=\"elementor-container elementor-column-gap-default\">\n\t\t\t\t\t<div class=\"elementor-column elementor-col-100 elementor-top-column elementor-element elementor-element-580a2fe\" data-id=\"580a2fe\" data-element_type=\"column\" data-e-type=\"column\">\n\t\t\t<div class=\"elementor-widget-wrap elementor-element-populated\">\n\t\t\t\t\t\t<div class=\"elementor-element elementor-element-9004929 elementor-widget elementor-widget-spacer\" data-id=\"9004929\" data-element_type=\"widget\" data-e-type=\"widget\" data-widget_type=\"spacer.default\">\n\t\t\t\t<div class=\"elementor-widget-container\">\n\t\t\t\t\t\t\t<div class=\"elementor-spacer\">\n\t\t\t<div class=\"elementor-spacer-inner\"><\/div>\n\t\t<\/div>\n\t\t\t\t\t\t<\/div>\n\t\t\t\t<\/div>\n\t\t\t\t\t<\/div>\n\t\t<\/div>\n\t\t\t\t\t<\/div>\n\t\t<\/section>\n\t\t\t\t<section class=\"elementor-section elementor-top-section elementor-element elementor-element-9af13eb elementor-section-boxed elementor-section-height-default elementor-section-height-default\" data-id=\"9af13eb\" data-element_type=\"section\" data-e-type=\"section\">\n\t\t\t\t\t\t<div class=\"elementor-container elementor-column-gap-default\">\n\t\t\t\t\t<div class=\"elementor-column elementor-col-100 elementor-top-column elementor-element elementor-element-ebe2a8c\" data-id=\"ebe2a8c\" data-element_type=\"column\" data-e-type=\"column\">\n\t\t\t<div class=\"elementor-widget-wrap elementor-element-populated\">\n\t\t\t\t\t\t<div class=\"elementor-element elementor-element-87e9d21 elementor-widget-divider--view-line elementor-widget elementor-widget-divider\" data-id=\"87e9d21\" data-element_type=\"widget\" data-e-type=\"widget\" data-widget_type=\"divider.default\">\n\t\t\t\t<div class=\"elementor-widget-container\">\n\t\t\t\t\t\t\t<div class=\"elementor-divider\">\n\t\t\t<span class=\"elementor-divider-separator\">\n\t\t\t\t\t\t<\/span>\n\t\t<\/div>\n\t\t\t\t\t\t<\/div>\n\t\t\t\t<\/div>\n\t\t\t\t\t<\/div>\n\t\t<\/div>\n\t\t\t\t\t<\/div>\n\t\t<\/section>\n\t\t\t\t<section class=\"elementor-section elementor-top-section elementor-element elementor-element-667a451 elementor-section-boxed elementor-section-height-default elementor-section-height-default\" data-id=\"667a451\" data-element_type=\"section\" data-e-type=\"section\">\n\t\t\t\t\t\t<div class=\"elementor-container elementor-column-gap-default\">\n\t\t\t\t\t<div class=\"elementor-column elementor-col-100 elementor-top-column elementor-element elementor-element-d121db5\" data-id=\"d121db5\" data-element_type=\"column\" data-e-type=\"column\">\n\t\t\t<div class=\"elementor-widget-wrap elementor-element-populated\">\n\t\t\t\t\t\t<div class=\"elementor-element elementor-element-e4774c3 elementor-widget elementor-widget-spacer\" data-id=\"e4774c3\" data-element_type=\"widget\" data-e-type=\"widget\" data-widget_type=\"spacer.default\">\n\t\t\t\t<div class=\"elementor-widget-container\">\n\t\t\t\t\t\t\t<div class=\"elementor-spacer\">\n\t\t\t<div class=\"elementor-spacer-inner\"><\/div>\n\t\t<\/div>\n\t\t\t\t\t\t<\/div>\n\t\t\t\t<\/div>\n\t\t\t\t\t<\/div>\n\t\t<\/div>\n\t\t\t\t\t<\/div>\n\t\t<\/section>\n\t\t\t\t<section class=\"elementor-section elementor-top-section elementor-element elementor-element-ee0ac41 elementor-section-boxed elementor-section-height-default elementor-section-height-default\" data-id=\"ee0ac41\" data-element_type=\"section\" data-e-type=\"section\">\n\t\t\t\t\t\t<div class=\"elementor-container elementor-column-gap-default\">\n\t\t\t\t\t<div class=\"elementor-column elementor-col-50 elementor-top-column elementor-element elementor-element-d7ebd9a\" data-id=\"d7ebd9a\" data-element_type=\"column\" data-e-type=\"column\">\n\t\t\t<div class=\"elementor-widget-wrap elementor-element-populated\">\n\t\t\t\t\t\t<div class=\"elementor-element elementor-element-f70cc13 elementor-widget elementor-widget-text-editor\" data-id=\"f70cc13\" data-element_type=\"widget\" data-e-type=\"widget\" data-widget_type=\"text-editor.default\">\n\t\t\t\t<div class=\"elementor-widget-container\">\n\t\t\t\t\t\t\t\t\t<p class=\"p1\"><b>Nicole Nowak<\/b><br \/>administrative Manager<br \/>Senator for Culture<br \/><b>Email:<\/b> <a href=\"mailto:nicole.nowak@kultur.bremen.de\" target=\"_blank\" rel=\"noopener\">nicole.nowak@kultur.bremen.de<\/a><br \/><b>Phone:<\/b> +49 421 361 32462<\/p><p class=\"p1\"><b>K\u00fcnstlerisches Betriebsb\u00fcro (KBB)<\/b><br \/>Scheduling \/ Artistic Assistance<br \/>Senator for Culture<br \/><b>Email:<\/b> <a href=\"mailto:zfk@kultur.bremen.de\">zfk@kultur.bremen.de<\/a><br \/><b>Phone:<\/b> +49 421 361 32460<\/p><p class=\"p1\"><b>Claudia Klocke<\/b><br \/>PR + Marketing<br \/>Senator for Culture<br \/><b>Email:<\/b> <a href=\"mailto:claudia.klocke@kultur.bremen.de\" target=\"_blank\" rel=\"noopener\">claudia.klocke@kultur.bremen.de<\/a><br \/><b>Phone:<\/b> +49 421 361 32461<\/p><p class=\"p1\"><b>Rose Sanyang-Hill<\/b><br \/>Artist Support<br \/>Senator for Culture<br \/><b>Email:<\/b> <a href=\"mailto:rosemarie.sanyang-hill@kultur.bremen.de\" target=\"_blank\" rel=\"noopener\">rosemarie.sanyang-hill@kultur.bremen.de<\/a><br \/><b>Phone:<\/b> +49 421 361 32465<\/p><p><b>Hans K\u00f6nig<\/b><br \/>Artistic Advisor and Program Curator (external)<br \/><b>Email:<\/b> <a href=\"mailto:Hanskoenig.zfk@gmx.de\" target=\"_blank\" rel=\"noopener\">Hanskoenig.zfk@gmx.de<\/a><\/p>\t\t\t\t\t\t\t\t<\/div>\n\t\t\t\t<\/div>\n\t\t\t\t\t<\/div>\n\t\t<\/div>\n\t\t\t\t<div class=\"elementor-column elementor-col-50 elementor-top-column elementor-element elementor-element-a402a1e\" data-id=\"a402a1e\" data-element_type=\"column\" data-e-type=\"column\">\n\t\t\t<div class=\"elementor-widget-wrap elementor-element-populated\">\n\t\t\t\t\t\t<div class=\"elementor-element elementor-element-ecd8d33 elementor-widget__width-initial elementor-widget elementor-widget-text-editor\" data-id=\"ecd8d33\" data-element_type=\"widget\" data-e-type=\"widget\" data-widget_type=\"text-editor.default\">\n\t\t\t\t<div class=\"elementor-widget-container\">\n\t\t\t\t\t\t\t\t\t<div data-id=\"6ba9a0a\" data-element_type=\"column\"><p>FSJ Kultur<br \/>Senator for Culture<br \/><b>Email:<\/b> <a href=\"mailto:praktikum1.zfk@kultur.bremen.de\" target=\"_blank\" rel=\"noopener\">praktikum1.zfk@kultur.bremen.de<\/a><br \/><b>Phone:<\/b> +49 421 361 32617<\/p><div data-id=\"fecccf8\" data-element_type=\"widget\" data-widget_type=\"text-editor.default\"><p class=\"p1\"><b>Andre Hikade<\/b><br \/>Technical Director<br \/>Senator for Culture<br \/><b>Email:<\/b> <a href=\"mailto:technik.zfk@kultur.bremen.de\">technik.zfk@kultur.bremen.de<\/a><br \/><b>Phone:<\/b> +49 421 361 32464<\/p><p class=\"p1\"><b>Arne Burhop<\/b><br \/>Technical Staff<br \/>Senator for Culture<br \/><b>Email:<\/b> <a href=\"mailto:technik.zfk@kultur.bremen.de\" target=\"_blank\" rel=\"noopener\">technik.zfk@kultur.bremen.de<\/a><br \/><b>Phone:<\/b> +49 421 361 32463<\/p><p><strong style=\"font-family: Arial, Helvetica, sans-serif;\">Jan Sprung<br \/><\/strong><span style=\"font-family: Arial, Helvetica, sans-serif;\">Technical Staff<br \/><\/span><span style=\"font-family: Arial, Helvetica, sans-serif;\">Senator for Culture<br \/><\/span><a href=\"mailto:technik.zfk@kultur.bremen.de\" target=\"_blank\" rel=\"noopener\">technik.zfk@kultur.bremen.de<\/a><br \/><b>Phone:<\/b> +49 421 361 88928<\/p><\/div><\/div>\t\t\t\t\t\t\t\t<\/div>\n\t\t\t\t<\/div>\n\t\t\t\t\t<\/div>\n\t\t<\/div>\n\t\t\t\t\t<\/div>\n\t\t<\/section>\n\t\t\t\t<section class=\"elementor-section elementor-top-section elementor-element elementor-element-54f5f8f elementor-section-boxed elementor-section-height-default elementor-section-height-default\" data-id=\"54f5f8f\" data-element_type=\"section\" data-e-type=\"section\">\n\t\t\t\t\t\t<div class=\"elementor-container elementor-column-gap-default\">\n\t\t\t\t\t<div class=\"elementor-column elementor-col-100 elementor-top-column elementor-element elementor-element-ce399ae\" data-id=\"ce399ae\" data-element_type=\"column\" data-e-type=\"column\">\n\t\t\t<div class=\"elementor-widget-wrap elementor-element-populated\">\n\t\t\t\t\t\t<div class=\"elementor-element elementor-element-2cb50c1 elementor-widget elementor-widget-spacer\" data-id=\"2cb50c1\" data-element_type=\"widget\" data-e-type=\"widget\" data-widget_type=\"spacer.default\">\n\t\t\t\t<div class=\"elementor-widget-container\">\n\t\t\t\t\t\t\t<div class=\"elementor-spacer\">\n\t\t\t<div class=\"elementor-spacer-inner\"><\/div>\n\t\t<\/div>\n\t\t\t\t\t\t<\/div>\n\t\t\t\t<\/div>\n\t\t\t\t\t<\/div>\n\t\t<\/div>\n\t\t\t\t\t<\/div>\n\t\t<\/section>\n\t\t\t\t<section class=\"elementor-section elementor-top-section elementor-element elementor-element-25e7dd4 elementor-section-boxed elementor-section-height-default elementor-section-height-default\" data-id=\"25e7dd4\" data-element_type=\"section\" data-e-type=\"section\">\n\t\t\t\t\t\t<div class=\"elementor-container elementor-column-gap-default\">\n\t\t\t\t\t<div class=\"elementor-column elementor-col-100 elementor-top-column elementor-element elementor-element-63d2c8d\" data-id=\"63d2c8d\" data-element_type=\"column\" data-e-type=\"column\">\n\t\t\t<div class=\"elementor-widget-wrap elementor-element-populated\">\n\t\t\t\t\t\t<div class=\"elementor-element elementor-element-ba9c642 elementor-widget elementor-widget-spacer\" data-id=\"ba9c642\" data-element_type=\"widget\" data-e-type=\"widget\" data-widget_type=\"spacer.default\">\n\t\t\t\t<div class=\"elementor-widget-container\">\n\t\t\t\t\t\t\t<div class=\"elementor-spacer\">\n\t\t\t<div class=\"elementor-spacer-inner\"><\/div>\n\t\t<\/div>\n\t\t\t\t\t\t<\/div>\n\t\t\t\t<\/div>\n\t\t\t\t\t<\/div>\n\t\t<\/div>\n\t\t\t\t\t<\/div>\n\t\t<\/section>\n\t\t\t\t<\/div>","protected":false},"excerpt":{"rendered":"<p>Contact Persons Nicole Nowakadministrative ManagerSenator for CultureEmail: nicole.nowak@kultur.bremen.dePhone: +49 421 361 32462 K\u00fcnstlerisches Betriebsb\u00fcro (KBB)Scheduling \/ Artistic AssistanceSenator for CultureEmail: zfk@kultur.bremen.dePhone: +49 421 361 32460 Claudia KlockePR + MarketingSenator for CultureEmail: claudia.klocke@kultur.bremen.dePhone: +49 421 361 32461 Rose Sanyang-HillArtist SupportSenator for CultureEmail: rosemarie.sanyang-hill@kultur.bremen.dePhone: +49 421 361 32465 Hans K\u00f6nigArtistic Advisor and Program Curator (external)Email: Hanskoenig.zfk@gmx.de FSJ&#8230;<\/p>","protected":false},"author":1,"featured_media":12440,"parent":0,"menu_order":1,"comment_status":"closed","ping_status":"closed","template":"","meta":{"_tbt_post_transparent":"default","_tbt_post_title":"default","_tbt_post_layout":"default","_tbt_post_sidebar_id":"","_tbt_post_content_style":"default","_tbt_post_vertical_padding":"","_tbt_post_feature":"default","_tbt_post_feature_position":"behind","_tbt_post_header":false,"_tbt_post_footer":false},"class_list":["post-18071","page","type-page","status-publish","has-post-thumbnail","hentry"],"acf":[],"yoast_head":"<!-- This site is optimized with the Yoast SEO plugin v27.3 - https:\/\/yoast.com\/product\/yoast-seo-wordpress\/ -->\n<title>CONTACT PERSONS - Zentrum f\u00fcr Kunst<\/title>\n<meta name=\"description\" content=\"Das Zentrum f\u00fcr Kunst im Tabakquartier in Woltmershausen ist Teil des Kulturressorts Bremen. Hier finden Sie die richtigen Ansprechpersonen f\u00fcr verschiedene Anliegen.\" \/>\n<meta name=\"robots\" content=\"index, follow, max-snippet:-1, max-image-preview:large, max-video-preview:-1\" \/>\n<link rel=\"canonical\" href=\"https:\/\/zentrum-fuer-kunst.de\/en\/contact-persons\/\" \/>\n<meta property=\"og:locale\" content=\"en_GB\" \/>\n<meta property=\"og:type\" content=\"article\" \/>\n<meta property=\"og:title\" content=\"CONTACT PERSONS - Zentrum f\u00fcr Kunst\" \/>\n<meta property=\"og:description\" content=\"Das Zentrum f\u00fcr Kunst im Tabakquartier in Woltmershausen ist Teil des Kulturressorts Bremen. Hier finden Sie die richtigen Ansprechpersonen f\u00fcr verschiedene Anliegen.\" \/>\n<meta property=\"og:url\" content=\"https:\/\/zentrum-fuer-kunst.de\/en\/contact-persons\/\" \/>\n<meta property=\"og:site_name\" content=\"Zentrum f\u00fcr Kunst\" \/>\n<meta property=\"article:modified_time\" content=\"2025-08-19T10:22:55+00:00\" \/>\n<meta property=\"og:image\" content=\"https:\/\/zentrum-fuer-kunst.de\/wp-content\/uploads\/2023\/09\/ZFK_Fassade_2-e1693813785324.jpg\" \/>\n\t<meta property=\"og:image:width\" content=\"1500\" \/>\n\t<meta property=\"og:image:height\" content=\"931\" \/>\n\t<meta property=\"og:image:type\" content=\"image\/jpeg\" \/>\n<meta name=\"twitter:card\" content=\"summary_large_image\" \/>\n<meta name=\"twitter:label1\" content=\"Estimated reading time\" \/>\n\t<meta name=\"twitter:data1\" content=\"1 minute\" \/>\n<script type=\"application\/ld+json\" class=\"yoast-schema-graph\">{\"@context\":\"https:\\\/\\\/schema.org\",\"@graph\":[{\"@type\":\"WebPage\",\"@id\":\"https:\\\/\\\/zentrum-fuer-kunst.de\\\/en\\\/contact-persons\\\/\",\"url\":\"https:\\\/\\\/zentrum-fuer-kunst.de\\\/en\\\/contact-persons\\\/\",\"name\":\"CONTACT PERSONS - Zentrum f\u00fcr Kunst\",\"isPartOf\":{\"@id\":\"https:\\\/\\\/zentrum-fuer-kunst.de\\\/en\\\/#website\"},\"primaryImageOfPage\":{\"@id\":\"https:\\\/\\\/zentrum-fuer-kunst.de\\\/en\\\/contact-persons\\\/#primaryimage\"},\"image\":{\"@id\":\"https:\\\/\\\/zentrum-fuer-kunst.de\\\/en\\\/contact-persons\\\/#primaryimage\"},\"thumbnailUrl\":\"https:\\\/\\\/zentrum-fuer-kunst.de\\\/wp-content\\\/uploads\\\/2023\\\/09\\\/ZFK_Fassade_2-e1693813785324.jpg\",\"datePublished\":\"2025-07-06T19:04:16+00:00\",\"dateModified\":\"2025-08-19T10:22:55+00:00\",\"description\":\"Das Zentrum f\u00fcr Kunst im Tabakquartier in Woltmershausen ist Teil des Kulturressorts Bremen. Hier finden Sie die richtigen Ansprechpersonen f\u00fcr verschiedene Anliegen.\",\"inLanguage\":\"en-GB\",\"potentialAction\":[{\"@type\":\"ReadAction\",\"target\":[\"https:\\\/\\\/zentrum-fuer-kunst.de\\\/en\\\/contact-persons\\\/\"]}]},{\"@type\":\"ImageObject\",\"inLanguage\":\"en-GB\",\"@id\":\"https:\\\/\\\/zentrum-fuer-kunst.de\\\/en\\\/contact-persons\\\/#primaryimage\",\"url\":\"https:\\\/\\\/zentrum-fuer-kunst.de\\\/wp-content\\\/uploads\\\/2023\\\/09\\\/ZFK_Fassade_2-e1693813785324.jpg\",\"contentUrl\":\"https:\\\/\\\/zentrum-fuer-kunst.de\\\/wp-content\\\/uploads\\\/2023\\\/09\\\/ZFK_Fassade_2-e1693813785324.jpg\",\"width\":1500,\"height\":931,\"caption\":\"Au\u00dfenansicht des Zentrums f\u00fcr Kunst im Tabakquartier, Foto: Senator f\u00fcr Kultur\"},{\"@type\":\"WebSite\",\"@id\":\"https:\\\/\\\/zentrum-fuer-kunst.de\\\/en\\\/#website\",\"url\":\"https:\\\/\\\/zentrum-fuer-kunst.de\\\/en\\\/\",\"name\":\"Zentrum f\u00fcr Kunst\",\"description\":\"B\u00fchnen und Ateliers f\u00fcr die Freie Kunst-Szene Bremen.\",\"publisher\":{\"@id\":\"https:\\\/\\\/zentrum-fuer-kunst.de\\\/en\\\/#organization\"},\"potentialAction\":[{\"@type\":\"SearchAction\",\"target\":{\"@type\":\"EntryPoint\",\"urlTemplate\":\"https:\\\/\\\/zentrum-fuer-kunst.de\\\/en\\\/?s={search_term_string}\"},\"query-input\":{\"@type\":\"PropertyValueSpecification\",\"valueRequired\":true,\"valueName\":\"search_term_string\"}}],\"inLanguage\":\"en-GB\"},{\"@type\":\"Organization\",\"@id\":\"https:\\\/\\\/zentrum-fuer-kunst.de\\\/en\\\/#organization\",\"name\":\"Zentrum f\u00fcr Kunst\",\"url\":\"https:\\\/\\\/zentrum-fuer-kunst.de\\\/en\\\/\",\"logo\":{\"@type\":\"ImageObject\",\"inLanguage\":\"en-GB\",\"@id\":\"https:\\\/\\\/zentrum-fuer-kunst.de\\\/en\\\/#\\\/schema\\\/logo\\\/image\\\/\",\"url\":\"https:\\\/\\\/zentrum-fuer-kunst.de\\\/wp-content\\\/uploads\\\/2023\\\/07\\\/cropped-Logo_Zentrum_fuer_Kunst_weiss-2.png\",\"contentUrl\":\"https:\\\/\\\/zentrum-fuer-kunst.de\\\/wp-content\\\/uploads\\\/2023\\\/07\\\/cropped-Logo_Zentrum_fuer_Kunst_weiss-2.png\",\"width\":767,\"height\":290,\"caption\":\"Zentrum f\u00fcr Kunst\"},\"image\":{\"@id\":\"https:\\\/\\\/zentrum-fuer-kunst.de\\\/en\\\/#\\\/schema\\\/logo\\\/image\\\/\"}}]}<\/script>\n<!-- \/ Yoast SEO plugin. -->","yoast_head_json":{"title":"CONTACT PERSONS - Zentrum f\u00fcr Kunst","description":"Das Zentrum f\u00fcr Kunst im Tabakquartier in Woltmershausen ist Teil des Kulturressorts Bremen. Hier finden Sie die richtigen Ansprechpersonen f\u00fcr verschiedene Anliegen.","robots":{"index":"index","follow":"follow","max-snippet":"max-snippet:-1","max-image-preview":"max-image-preview:large","max-video-preview":"max-video-preview:-1"},"canonical":"https:\/\/zentrum-fuer-kunst.de\/en\/contact-persons\/","og_locale":"en_GB","og_type":"article","og_title":"CONTACT PERSONS - Zentrum f\u00fcr Kunst","og_description":"Das Zentrum f\u00fcr Kunst im Tabakquartier in Woltmershausen ist Teil des Kulturressorts Bremen. Hier finden Sie die richtigen Ansprechpersonen f\u00fcr verschiedene Anliegen.","og_url":"https:\/\/zentrum-fuer-kunst.de\/en\/contact-persons\/","og_site_name":"Zentrum f\u00fcr Kunst","article_modified_time":"2025-08-19T10:22:55+00:00","og_image":[{"width":1500,"height":931,"url":"https:\/\/zentrum-fuer-kunst.de\/wp-content\/uploads\/2023\/09\/ZFK_Fassade_2-e1693813785324.jpg","type":"image\/jpeg"}],"twitter_card":"summary_large_image","twitter_misc":{"Estimated reading time":"1 minute"},"schema":{"@context":"https:\/\/schema.org","@graph":[{"@type":"WebPage","@id":"https:\/\/zentrum-fuer-kunst.de\/en\/contact-persons\/","url":"https:\/\/zentrum-fuer-kunst.de\/en\/contact-persons\/","name":"CONTACT PERSONS - Zentrum f\u00fcr Kunst","isPartOf":{"@id":"https:\/\/zentrum-fuer-kunst.de\/en\/#website"},"primaryImageOfPage":{"@id":"https:\/\/zentrum-fuer-kunst.de\/en\/contact-persons\/#primaryimage"},"image":{"@id":"https:\/\/zentrum-fuer-kunst.de\/en\/contact-persons\/#primaryimage"},"thumbnailUrl":"https:\/\/zentrum-fuer-kunst.de\/wp-content\/uploads\/2023\/09\/ZFK_Fassade_2-e1693813785324.jpg","datePublished":"2025-07-06T19:04:16+00:00","dateModified":"2025-08-19T10:22:55+00:00","description":"Das Zentrum f\u00fcr Kunst im Tabakquartier in Woltmershausen ist Teil des Kulturressorts Bremen. Hier finden Sie die richtigen Ansprechpersonen f\u00fcr verschiedene Anliegen.","inLanguage":"en-GB","potentialAction":[{"@type":"ReadAction","target":["https:\/\/zentrum-fuer-kunst.de\/en\/contact-persons\/"]}]},{"@type":"ImageObject","inLanguage":"en-GB","@id":"https:\/\/zentrum-fuer-kunst.de\/en\/contact-persons\/#primaryimage","url":"https:\/\/zentrum-fuer-kunst.de\/wp-content\/uploads\/2023\/09\/ZFK_Fassade_2-e1693813785324.jpg","contentUrl":"https:\/\/zentrum-fuer-kunst.de\/wp-content\/uploads\/2023\/09\/ZFK_Fassade_2-e1693813785324.jpg","width":1500,"height":931,"caption":"Au\u00dfenansicht des Zentrums f\u00fcr Kunst im Tabakquartier, Foto: Senator f\u00fcr Kultur"},{"@type":"WebSite","@id":"https:\/\/zentrum-fuer-kunst.de\/en\/#website","url":"https:\/\/zentrum-fuer-kunst.de\/en\/","name":"Zentrum f\u00fcr Kunst","description":"B\u00fchnen und Ateliers f\u00fcr die Freie Kunst-Szene Bremen.","publisher":{"@id":"https:\/\/zentrum-fuer-kunst.de\/en\/#organization"},"potentialAction":[{"@type":"SearchAction","target":{"@type":"EntryPoint","urlTemplate":"https:\/\/zentrum-fuer-kunst.de\/en\/?s={search_term_string}"},"query-input":{"@type":"PropertyValueSpecification","valueRequired":true,"valueName":"search_term_string"}}],"inLanguage":"en-GB"},{"@type":"Organization","@id":"https:\/\/zentrum-fuer-kunst.de\/en\/#organization","name":"Zentrum f\u00fcr Kunst","url":"https:\/\/zentrum-fuer-kunst.de\/en\/","logo":{"@type":"ImageObject","inLanguage":"en-GB","@id":"https:\/\/zentrum-fuer-kunst.de\/en\/#\/schema\/logo\/image\/","url":"https:\/\/zentrum-fuer-kunst.de\/wp-content\/uploads\/2023\/07\/cropped-Logo_Zentrum_fuer_Kunst_weiss-2.png","contentUrl":"https:\/\/zentrum-fuer-kunst.de\/wp-content\/uploads\/2023\/07\/cropped-Logo_Zentrum_fuer_Kunst_weiss-2.png","width":767,"height":290,"caption":"Zentrum f\u00fcr Kunst"},"image":{"@id":"https:\/\/zentrum-fuer-kunst.de\/en\/#\/schema\/logo\/image\/"}}]}},"_links":{"self":[{"href":"https:\/\/zentrum-fuer-kunst.de\/en\/wp-json\/wp\/v2\/pages\/18071","targetHints":{"allow":["GET"]}}],"collection":[{"href":"https:\/\/zentrum-fuer-kunst.de\/en\/wp-json\/wp\/v2\/pages"}],"about":[{"href":"https:\/\/zentrum-fuer-kunst.de\/en\/wp-json\/wp\/v2\/types\/page"}],"author":[{"embeddable":true,"href":"https:\/\/zentrum-fuer-kunst.de\/en\/wp-json\/wp\/v2\/users\/1"}],"replies":[{"embeddable":true,"href":"https:\/\/zentrum-fuer-kunst.de\/en\/wp-json\/wp\/v2\/comments?post=18071"}],"version-history":[{"count":21,"href":"https:\/\/zentrum-fuer-kunst.de\/en\/wp-json\/wp\/v2\/pages\/18071\/revisions"}],"predecessor-version":[{"id":19223,"href":"https:\/\/zentrum-fuer-kunst.de\/en\/wp-json\/wp\/v2\/pages\/18071\/revisions\/19223"}],"wp:featuredmedia":[{"embeddable":true,"href":"https:\/\/zentrum-fuer-kunst.de\/en\/wp-json\/wp\/v2\/media\/12440"}],"wp:attachment":[{"href":"https:\/\/zentrum-fuer-kunst.de\/en\/wp-json\/wp\/v2\/media?parent=18071"}],"curies":[{"name":"wp","href":"https:\/\/api.w.org\/{rel}","templated":true}]}}