{"id":18074,"date":"2025-07-06T21:05:34","date_gmt":"2025-07-06T19:05:34","guid":{"rendered":"https:\/\/zentrum-fuer-kunst.de\/?page_id=18074"},"modified":"2025-07-17T14:33:18","modified_gmt":"2025-07-17T12:33:18","slug":"accessibility","status":"publish","type":"page","link":"https:\/\/zentrum-fuer-kunst.de\/en\/accessibility\/","title":{"rendered":"ACCESSIBILITY"},"content":{"rendered":"<div data-elementor-type=\"wp-page\" data-elementor-id=\"18074\" class=\"elementor elementor-18074\" data-elementor-post-type=\"page\">\n\t\t\t\t\t\t<section class=\"elementor-section elementor-top-section elementor-element elementor-element-eafdbc7 elementor-section-boxed elementor-section-height-default elementor-section-height-default\" data-id=\"eafdbc7\" data-element_type=\"section\" data-e-type=\"section\">\n\t\t\t\t\t\t<div class=\"elementor-container elementor-column-gap-default\">\n\t\t\t\t\t<div class=\"elementor-column elementor-col-100 elementor-top-column elementor-element elementor-element-a5a56c8\" data-id=\"a5a56c8\" data-element_type=\"column\" data-e-type=\"column\">\n\t\t\t<div class=\"elementor-widget-wrap elementor-element-populated\">\n\t\t\t\t\t\t<div class=\"elementor-element elementor-element-07495d5 elementor-widget elementor-widget-heading\" data-id=\"07495d5\" data-element_type=\"widget\" data-e-type=\"widget\" data-widget_type=\"heading.default\">\n\t\t\t\t<div class=\"elementor-widget-container\">\n\t\t\t\t\t<h2 class=\"elementor-heading-title elementor-size-default\">Accessibility Statement<\/h2>\t\t\t\t<\/div>\n\t\t\t\t<\/div>\n\t\t\t\t\t<\/div>\n\t\t<\/div>\n\t\t\t\t\t<\/div>\n\t\t<\/section>\n\t\t\t\t<section class=\"elementor-section elementor-top-section elementor-element elementor-element-6b51073 elementor-section-boxed elementor-section-height-default elementor-section-height-default\" data-id=\"6b51073\" data-element_type=\"section\" data-e-type=\"section\">\n\t\t\t\t\t\t<div class=\"elementor-container elementor-column-gap-default\">\n\t\t\t\t\t<div class=\"elementor-column elementor-col-100 elementor-top-column elementor-element elementor-element-d07a66d\" data-id=\"d07a66d\" data-element_type=\"column\" data-e-type=\"column\">\n\t\t\t<div class=\"elementor-widget-wrap elementor-element-populated\">\n\t\t\t\t\t\t<div class=\"elementor-element elementor-element-bf1f19a elementor-widget elementor-widget-spacer\" data-id=\"bf1f19a\" data-element_type=\"widget\" data-e-type=\"widget\" data-widget_type=\"spacer.default\">\n\t\t\t\t<div class=\"elementor-widget-container\">\n\t\t\t\t\t\t\t<div class=\"elementor-spacer\">\n\t\t\t<div class=\"elementor-spacer-inner\"><\/div>\n\t\t<\/div>\n\t\t\t\t\t\t<\/div>\n\t\t\t\t<\/div>\n\t\t\t\t\t<\/div>\n\t\t<\/div>\n\t\t\t\t\t<\/div>\n\t\t<\/section>\n\t\t\t\t<section class=\"elementor-section elementor-top-section elementor-element elementor-element-4eaf11d elementor-section-boxed elementor-section-height-default elementor-section-height-default\" data-id=\"4eaf11d\" data-element_type=\"section\" data-e-type=\"section\">\n\t\t\t\t\t\t<div class=\"elementor-container elementor-column-gap-default\">\n\t\t\t\t\t<div class=\"elementor-column elementor-col-100 elementor-top-column elementor-element elementor-element-b88d390\" data-id=\"b88d390\" data-element_type=\"column\" data-e-type=\"column\">\n\t\t\t<div class=\"elementor-widget-wrap elementor-element-populated\">\n\t\t\t\t\t\t<div class=\"elementor-element elementor-element-d8ed0c7 elementor-widget-divider--view-line elementor-widget elementor-widget-divider\" data-id=\"d8ed0c7\" data-element_type=\"widget\" data-e-type=\"widget\" data-widget_type=\"divider.default\">\n\t\t\t\t<div class=\"elementor-widget-container\">\n\t\t\t\t\t\t\t<div class=\"elementor-divider\">\n\t\t\t<span class=\"elementor-divider-separator\">\n\t\t\t\t\t\t<\/span>\n\t\t<\/div>\n\t\t\t\t\t\t<\/div>\n\t\t\t\t<\/div>\n\t\t\t\t\t<\/div>\n\t\t<\/div>\n\t\t\t\t\t<\/div>\n\t\t<\/section>\n\t\t\t\t<section class=\"elementor-section elementor-top-section elementor-element elementor-element-4e5b47c elementor-section-boxed elementor-section-height-default elementor-section-height-default\" data-id=\"4e5b47c\" data-element_type=\"section\" data-e-type=\"section\">\n\t\t\t\t\t\t<div class=\"elementor-container elementor-column-gap-default\">\n\t\t\t\t\t<div class=\"elementor-column elementor-col-100 elementor-top-column elementor-element elementor-element-de3df10\" data-id=\"de3df10\" data-element_type=\"column\" data-e-type=\"column\">\n\t\t\t<div class=\"elementor-widget-wrap elementor-element-populated\">\n\t\t\t\t\t\t<div class=\"elementor-element elementor-element-ff2d609 elementor-widget elementor-widget-spacer\" data-id=\"ff2d609\" data-element_type=\"widget\" data-e-type=\"widget\" data-widget_type=\"spacer.default\">\n\t\t\t\t<div class=\"elementor-widget-container\">\n\t\t\t\t\t\t\t<div class=\"elementor-spacer\">\n\t\t\t<div class=\"elementor-spacer-inner\"><\/div>\n\t\t<\/div>\n\t\t\t\t\t\t<\/div>\n\t\t\t\t<\/div>\n\t\t\t\t\t<\/div>\n\t\t<\/div>\n\t\t\t\t\t<\/div>\n\t\t<\/section>\n\t\t\t\t<section class=\"elementor-section elementor-top-section elementor-element elementor-element-ee0ac41 elementor-section-boxed elementor-section-height-default elementor-section-height-default\" data-id=\"ee0ac41\" data-element_type=\"section\" data-e-type=\"section\">\n\t\t\t\t\t\t<div class=\"elementor-container elementor-column-gap-default\">\n\t\t\t\t\t<div class=\"elementor-column elementor-col-100 elementor-top-column elementor-element elementor-element-d7ebd9a\" data-id=\"d7ebd9a\" data-element_type=\"column\" data-e-type=\"column\">\n\t\t\t<div class=\"elementor-widget-wrap elementor-element-populated\">\n\t\t\t\t\t\t<div class=\"elementor-element elementor-element-f70cc13 elementor-widget elementor-widget-text-editor\" data-id=\"f70cc13\" data-element_type=\"widget\" data-e-type=\"widget\" data-widget_type=\"text-editor.default\">\n\t\t\t\t<div class=\"elementor-widget-container\">\n\t\t\t\t\t\t\t\t\t<p data-start=\"42\" data-end=\"334\">We strive to make this website or mobile application accessible. The accessibility statement is required under the Bremen Disability Equality Act. The technical requirements for accessibility are based on BITV 2.0 (the German Federal Accessibility Regulation).<\/p><p data-start=\"336\" data-end=\"501\">This digital accessibility statement applies to the website of Department 14 \u2013 Center for Art, Senator for Culture, published at <a class=\"\" href=\"https:\/\/zentrum-fuer-kunst.de\/en\/\" target=\"_new\" rel=\"noopener\" data-start=\"465\" data-end=\"498\">https:\/\/www.zentrum-fuer-kunst.de<\/a>.<\/p><p data-start=\"503\" data-end=\"714\"><strong data-start=\"503\" data-end=\"536\">How accessible is this offer?<\/strong><br data-start=\"536\" data-end=\"539\" \/>This offer is only partially accessible. Only some of the requirements of BITV 2.0 are met. The compliance check is based on a self-assessment conducted on October 19, 2023.<\/p><p data-start=\"716\" data-end=\"763\"><strong data-start=\"716\" data-end=\"761\">Areas that are not or not yet accessible:<\/strong><\/p><ol data-start=\"764\" data-end=\"1525\"><li data-start=\"764\" data-end=\"855\"><p data-start=\"767\" data-end=\"855\">Barrier: Easy Language<br data-start=\"789\" data-end=\"792\" \/>Explanations in Easy Language are not or not fully available.<\/p><\/li><li data-start=\"857\" data-end=\"962\"><p data-start=\"860\" data-end=\"962\">Barrier: German Sign Language<br data-start=\"889\" data-end=\"892\" \/>Explanations in German Sign Language are not or not fully available.<\/p><\/li><li data-start=\"964\" data-end=\"1096\"><p data-start=\"967\" data-end=\"1096\">Barrier: Font Size Adjustment<br data-start=\"996\" data-end=\"999\" \/>Texts and content on this website can be adjusted using the keyboard shortcuts CTRL+ and CTRL-.<\/p><\/li><li data-start=\"1098\" data-end=\"1251\"><p data-start=\"1101\" data-end=\"1251\">Barrier: Alternative Texts<br data-start=\"1127\" data-end=\"1130\" \/>Images on this website are not fully provided with alternative text. We are currently working on removing this barrier.<\/p><\/li><li data-start=\"1253\" data-end=\"1405\"><p data-start=\"1256\" data-end=\"1405\">Barrier: PDF Files<br data-start=\"1274\" data-end=\"1277\" \/>The PDFs on this site are not accessible. We are working on removing this barrier to make them accessible as soon as possible.<\/p><\/li><li data-start=\"1407\" data-end=\"1525\"><p data-start=\"1410\" data-end=\"1525\">Barrier: Links<br data-start=\"1424\" data-end=\"1427\" \/>The links on this website are not accessible. We are currently working on removing this barrier.<\/p><\/li><\/ol><p data-start=\"1527\" data-end=\"1833\">In addition to these barriers, there are further areas of the website that are not accessible. These barriers are currently being identified and will be removed as soon as possible. The Center for Art is currently making efforts, with the involvement of experts, to gradually make the website accessible.<\/p><p data-start=\"1835\" data-end=\"1895\">This statement was created or updated on October 16, 2024.<\/p><p data-start=\"1897\" data-end=\"2064\"><strong data-start=\"1897\" data-end=\"1935\">Would you like to report barriers?<\/strong><br data-start=\"1935\" data-end=\"1938\" \/>We would like to further improve our offering. Please share your problems and questions about digital accessibility with us:<\/p><p data-start=\"2066\" data-end=\"2168\">Nicole Nowak, Head of Department, Center for Art<br data-start=\"2114\" data-end=\"2117\" \/><a class=\"cursor-pointer\" rel=\"noopener\" data-start=\"2117\" data-end=\"2146\">nicole.nowak@kultur.bremen.de<\/a><br data-start=\"2146\" data-end=\"2149\" \/>+49 421 36132 460<\/p><p data-start=\"2170\" data-end=\"2356\">If your contact with the public authority was unsuccessful, you can contact the Central Office for Accessible Information Technology. It also provides further information on enforcement.<\/p>\t\t\t\t\t\t\t\t<\/div>\n\t\t\t\t<\/div>\n\t\t\t\t\t<\/div>\n\t\t<\/div>\n\t\t\t\t\t<\/div>\n\t\t<\/section>\n\t\t\t\t<section class=\"elementor-section elementor-top-section elementor-element elementor-element-3698ea9 elementor-section-boxed elementor-section-height-default elementor-section-height-default\" data-id=\"3698ea9\" data-element_type=\"section\" data-e-type=\"section\">\n\t\t\t\t\t\t<div class=\"elementor-container elementor-column-gap-default\">\n\t\t\t\t\t<div class=\"elementor-column elementor-col-100 elementor-top-column elementor-element elementor-element-bee677d\" data-id=\"bee677d\" data-element_type=\"column\" data-e-type=\"column\">\n\t\t\t<div class=\"elementor-widget-wrap elementor-element-populated\">\n\t\t\t\t\t\t<div class=\"elementor-element elementor-element-5459f80 elementor-widget elementor-widget-spacer\" data-id=\"5459f80\" data-element_type=\"widget\" data-e-type=\"widget\" data-widget_type=\"spacer.default\">\n\t\t\t\t<div class=\"elementor-widget-container\">\n\t\t\t\t\t\t\t<div class=\"elementor-spacer\">\n\t\t\t<div class=\"elementor-spacer-inner\"><\/div>\n\t\t<\/div>\n\t\t\t\t\t\t<\/div>\n\t\t\t\t<\/div>\n\t\t\t\t\t<\/div>\n\t\t<\/div>\n\t\t\t\t\t<\/div>\n\t\t<\/section>\n\t\t\t\t<section class=\"elementor-section elementor-top-section elementor-element elementor-element-e242752 elementor-section-boxed elementor-section-height-default elementor-section-height-default\" data-id=\"e242752\" data-element_type=\"section\" data-e-type=\"section\">\n\t\t\t\t\t\t<div class=\"elementor-container elementor-column-gap-default\">\n\t\t\t\t\t<div class=\"elementor-column elementor-col-100 elementor-top-column elementor-element elementor-element-195f175\" data-id=\"195f175\" data-element_type=\"column\" data-e-type=\"column\">\n\t\t\t<div class=\"elementor-widget-wrap elementor-element-populated\">\n\t\t\t\t\t\t<div class=\"elementor-element elementor-element-e93a69a elementor-widget elementor-widget-spacer\" data-id=\"e93a69a\" data-element_type=\"widget\" data-e-type=\"widget\" data-widget_type=\"spacer.default\">\n\t\t\t\t<div class=\"elementor-widget-container\">\n\t\t\t\t\t\t\t<div class=\"elementor-spacer\">\n\t\t\t<div class=\"elementor-spacer-inner\"><\/div>\n\t\t<\/div>\n\t\t\t\t\t\t<\/div>\n\t\t\t\t<\/div>\n\t\t\t\t\t<\/div>\n\t\t<\/div>\n\t\t\t\t\t<\/div>\n\t\t<\/section>\n\t\t\t\t<\/div>","protected":false},"excerpt":{"rendered":"<p>Accessibility Statement We strive to make this website or mobile application accessible. The accessibility statement is required under the Bremen Disability Equality Act. The technical requirements for accessibility are based on BITV 2.0 (the German Federal Accessibility Regulation). This digital accessibility statement applies to the website of Department 14 \u2013 Center for Art, Senator for&#8230;<\/p>","protected":false},"author":1,"featured_media":12440,"parent":0,"menu_order":2,"comment_status":"closed","ping_status":"closed","template":"","meta":{"_tbt_post_transparent":"default","_tbt_post_title":"default","_tbt_post_layout":"default","_tbt_post_sidebar_id":"","_tbt_post_content_style":"default","_tbt_post_vertical_padding":"","_tbt_post_feature":"default","_tbt_post_feature_position":"behind","_tbt_post_header":false,"_tbt_post_footer":false},"class_list":["post-18074","page","type-page","status-publish","has-post-thumbnail","hentry"],"acf":[],"yoast_head":"<!-- This site is optimized with the Yoast SEO plugin v27.3 - https:\/\/yoast.com\/product\/yoast-seo-wordpress\/ -->\n<title>ACCESSIBILITY - Zentrum f\u00fcr Kunst<\/title>\n<meta name=\"description\" content=\"Das Zentrum f\u00fcr Kunst im Tabakquartier in Woltmershausen ist Teil des Kulturressorts Bremen. Hier finden Sie die richtigen Ansprechpersonen f\u00fcr verschiedene Anliegen.\" \/>\n<meta name=\"robots\" content=\"index, follow, max-snippet:-1, max-image-preview:large, max-video-preview:-1\" \/>\n<link rel=\"canonical\" href=\"https:\/\/zentrum-fuer-kunst.de\/en\/accessibility\/\" \/>\n<meta property=\"og:locale\" content=\"en_GB\" \/>\n<meta property=\"og:type\" content=\"article\" \/>\n<meta property=\"og:title\" content=\"ACCESSIBILITY - Zentrum f\u00fcr Kunst\" \/>\n<meta property=\"og:description\" content=\"Das Zentrum f\u00fcr Kunst im Tabakquartier in Woltmershausen ist Teil des Kulturressorts Bremen. Hier finden Sie die richtigen Ansprechpersonen f\u00fcr verschiedene Anliegen.\" \/>\n<meta property=\"og:url\" content=\"https:\/\/zentrum-fuer-kunst.de\/en\/accessibility\/\" \/>\n<meta property=\"og:site_name\" content=\"Zentrum f\u00fcr Kunst\" \/>\n<meta property=\"article:modified_time\" content=\"2025-07-17T12:33:18+00:00\" \/>\n<meta property=\"og:image\" content=\"https:\/\/zentrum-fuer-kunst.de\/wp-content\/uploads\/2023\/09\/ZFK_Fassade_2-e1693813785324.jpg\" \/>\n\t<meta property=\"og:image:width\" content=\"1500\" \/>\n\t<meta property=\"og:image:height\" content=\"931\" \/>\n\t<meta property=\"og:image:type\" content=\"image\/jpeg\" \/>\n<meta name=\"twitter:card\" content=\"summary_large_image\" \/>\n<meta name=\"twitter:label1\" content=\"Estimated reading time\" \/>\n\t<meta name=\"twitter:data1\" content=\"3 minutes\" \/>\n<script type=\"application\/ld+json\" class=\"yoast-schema-graph\">{\"@context\":\"https:\\\/\\\/schema.org\",\"@graph\":[{\"@type\":\"WebPage\",\"@id\":\"https:\\\/\\\/zentrum-fuer-kunst.de\\\/en\\\/accessibility\\\/\",\"url\":\"https:\\\/\\\/zentrum-fuer-kunst.de\\\/en\\\/accessibility\\\/\",\"name\":\"ACCESSIBILITY - Zentrum f\u00fcr Kunst\",\"isPartOf\":{\"@id\":\"https:\\\/\\\/zentrum-fuer-kunst.de\\\/en\\\/#website\"},\"primaryImageOfPage\":{\"@id\":\"https:\\\/\\\/zentrum-fuer-kunst.de\\\/en\\\/accessibility\\\/#primaryimage\"},\"image\":{\"@id\":\"https:\\\/\\\/zentrum-fuer-kunst.de\\\/en\\\/accessibility\\\/#primaryimage\"},\"thumbnailUrl\":\"https:\\\/\\\/zentrum-fuer-kunst.de\\\/wp-content\\\/uploads\\\/2023\\\/09\\\/ZFK_Fassade_2-e1693813785324.jpg\",\"datePublished\":\"2025-07-06T19:05:34+00:00\",\"dateModified\":\"2025-07-17T12:33:18+00:00\",\"description\":\"Das Zentrum f\u00fcr Kunst im Tabakquartier in Woltmershausen ist Teil des Kulturressorts Bremen. Hier finden Sie die richtigen Ansprechpersonen f\u00fcr verschiedene Anliegen.\",\"inLanguage\":\"en-GB\",\"potentialAction\":[{\"@type\":\"ReadAction\",\"target\":[\"https:\\\/\\\/zentrum-fuer-kunst.de\\\/en\\\/accessibility\\\/\"]}]},{\"@type\":\"ImageObject\",\"inLanguage\":\"en-GB\",\"@id\":\"https:\\\/\\\/zentrum-fuer-kunst.de\\\/en\\\/accessibility\\\/#primaryimage\",\"url\":\"https:\\\/\\\/zentrum-fuer-kunst.de\\\/wp-content\\\/uploads\\\/2023\\\/09\\\/ZFK_Fassade_2-e1693813785324.jpg\",\"contentUrl\":\"https:\\\/\\\/zentrum-fuer-kunst.de\\\/wp-content\\\/uploads\\\/2023\\\/09\\\/ZFK_Fassade_2-e1693813785324.jpg\",\"width\":1500,\"height\":931,\"caption\":\"Au\u00dfenansicht des Zentrums f\u00fcr Kunst im Tabakquartier, Foto: Senator f\u00fcr Kultur\"},{\"@type\":\"WebSite\",\"@id\":\"https:\\\/\\\/zentrum-fuer-kunst.de\\\/en\\\/#website\",\"url\":\"https:\\\/\\\/zentrum-fuer-kunst.de\\\/en\\\/\",\"name\":\"Zentrum f\u00fcr Kunst\",\"description\":\"B\u00fchnen und Ateliers f\u00fcr die Freie Kunst-Szene Bremen.\",\"publisher\":{\"@id\":\"https:\\\/\\\/zentrum-fuer-kunst.de\\\/en\\\/#organization\"},\"potentialAction\":[{\"@type\":\"SearchAction\",\"target\":{\"@type\":\"EntryPoint\",\"urlTemplate\":\"https:\\\/\\\/zentrum-fuer-kunst.de\\\/en\\\/?s={search_term_string}\"},\"query-input\":{\"@type\":\"PropertyValueSpecification\",\"valueRequired\":true,\"valueName\":\"search_term_string\"}}],\"inLanguage\":\"en-GB\"},{\"@type\":\"Organization\",\"@id\":\"https:\\\/\\\/zentrum-fuer-kunst.de\\\/en\\\/#organization\",\"name\":\"Zentrum f\u00fcr Kunst\",\"url\":\"https:\\\/\\\/zentrum-fuer-kunst.de\\\/en\\\/\",\"logo\":{\"@type\":\"ImageObject\",\"inLanguage\":\"en-GB\",\"@id\":\"https:\\\/\\\/zentrum-fuer-kunst.de\\\/en\\\/#\\\/schema\\\/logo\\\/image\\\/\",\"url\":\"https:\\\/\\\/zentrum-fuer-kunst.de\\\/wp-content\\\/uploads\\\/2023\\\/07\\\/cropped-Logo_Zentrum_fuer_Kunst_weiss-2.png\",\"contentUrl\":\"https:\\\/\\\/zentrum-fuer-kunst.de\\\/wp-content\\\/uploads\\\/2023\\\/07\\\/cropped-Logo_Zentrum_fuer_Kunst_weiss-2.png\",\"width\":767,\"height\":290,\"caption\":\"Zentrum f\u00fcr Kunst\"},\"image\":{\"@id\":\"https:\\\/\\\/zentrum-fuer-kunst.de\\\/en\\\/#\\\/schema\\\/logo\\\/image\\\/\"}}]}<\/script>\n<!-- \/ Yoast SEO plugin. -->","yoast_head_json":{"title":"ACCESSIBILITY - Zentrum f\u00fcr Kunst","description":"Das Zentrum f\u00fcr Kunst im Tabakquartier in Woltmershausen ist Teil des Kulturressorts Bremen. Hier finden Sie die richtigen Ansprechpersonen f\u00fcr verschiedene Anliegen.","robots":{"index":"index","follow":"follow","max-snippet":"max-snippet:-1","max-image-preview":"max-image-preview:large","max-video-preview":"max-video-preview:-1"},"canonical":"https:\/\/zentrum-fuer-kunst.de\/en\/accessibility\/","og_locale":"en_GB","og_type":"article","og_title":"ACCESSIBILITY - Zentrum f\u00fcr Kunst","og_description":"Das Zentrum f\u00fcr Kunst im Tabakquartier in Woltmershausen ist Teil des Kulturressorts Bremen. Hier finden Sie die richtigen Ansprechpersonen f\u00fcr verschiedene Anliegen.","og_url":"https:\/\/zentrum-fuer-kunst.de\/en\/accessibility\/","og_site_name":"Zentrum f\u00fcr Kunst","article_modified_time":"2025-07-17T12:33:18+00:00","og_image":[{"width":1500,"height":931,"url":"https:\/\/zentrum-fuer-kunst.de\/wp-content\/uploads\/2023\/09\/ZFK_Fassade_2-e1693813785324.jpg","type":"image\/jpeg"}],"twitter_card":"summary_large_image","twitter_misc":{"Estimated reading time":"3 minutes"},"schema":{"@context":"https:\/\/schema.org","@graph":[{"@type":"WebPage","@id":"https:\/\/zentrum-fuer-kunst.de\/en\/accessibility\/","url":"https:\/\/zentrum-fuer-kunst.de\/en\/accessibility\/","name":"ACCESSIBILITY - Zentrum f\u00fcr Kunst","isPartOf":{"@id":"https:\/\/zentrum-fuer-kunst.de\/en\/#website"},"primaryImageOfPage":{"@id":"https:\/\/zentrum-fuer-kunst.de\/en\/accessibility\/#primaryimage"},"image":{"@id":"https:\/\/zentrum-fuer-kunst.de\/en\/accessibility\/#primaryimage"},"thumbnailUrl":"https:\/\/zentrum-fuer-kunst.de\/wp-content\/uploads\/2023\/09\/ZFK_Fassade_2-e1693813785324.jpg","datePublished":"2025-07-06T19:05:34+00:00","dateModified":"2025-07-17T12:33:18+00:00","description":"Das Zentrum f\u00fcr Kunst im Tabakquartier in Woltmershausen ist Teil des Kulturressorts Bremen. Hier finden Sie die richtigen Ansprechpersonen f\u00fcr verschiedene Anliegen.","inLanguage":"en-GB","potentialAction":[{"@type":"ReadAction","target":["https:\/\/zentrum-fuer-kunst.de\/en\/accessibility\/"]}]},{"@type":"ImageObject","inLanguage":"en-GB","@id":"https:\/\/zentrum-fuer-kunst.de\/en\/accessibility\/#primaryimage","url":"https:\/\/zentrum-fuer-kunst.de\/wp-content\/uploads\/2023\/09\/ZFK_Fassade_2-e1693813785324.jpg","contentUrl":"https:\/\/zentrum-fuer-kunst.de\/wp-content\/uploads\/2023\/09\/ZFK_Fassade_2-e1693813785324.jpg","width":1500,"height":931,"caption":"Au\u00dfenansicht des Zentrums f\u00fcr Kunst im Tabakquartier, Foto: Senator f\u00fcr Kultur"},{"@type":"WebSite","@id":"https:\/\/zentrum-fuer-kunst.de\/en\/#website","url":"https:\/\/zentrum-fuer-kunst.de\/en\/","name":"Zentrum f\u00fcr Kunst","description":"B\u00fchnen und Ateliers f\u00fcr die Freie Kunst-Szene Bremen.","publisher":{"@id":"https:\/\/zentrum-fuer-kunst.de\/en\/#organization"},"potentialAction":[{"@type":"SearchAction","target":{"@type":"EntryPoint","urlTemplate":"https:\/\/zentrum-fuer-kunst.de\/en\/?s={search_term_string}"},"query-input":{"@type":"PropertyValueSpecification","valueRequired":true,"valueName":"search_term_string"}}],"inLanguage":"en-GB"},{"@type":"Organization","@id":"https:\/\/zentrum-fuer-kunst.de\/en\/#organization","name":"Zentrum f\u00fcr Kunst","url":"https:\/\/zentrum-fuer-kunst.de\/en\/","logo":{"@type":"ImageObject","inLanguage":"en-GB","@id":"https:\/\/zentrum-fuer-kunst.de\/en\/#\/schema\/logo\/image\/","url":"https:\/\/zentrum-fuer-kunst.de\/wp-content\/uploads\/2023\/07\/cropped-Logo_Zentrum_fuer_Kunst_weiss-2.png","contentUrl":"https:\/\/zentrum-fuer-kunst.de\/wp-content\/uploads\/2023\/07\/cropped-Logo_Zentrum_fuer_Kunst_weiss-2.png","width":767,"height":290,"caption":"Zentrum f\u00fcr Kunst"},"image":{"@id":"https:\/\/zentrum-fuer-kunst.de\/en\/#\/schema\/logo\/image\/"}}]}},"_links":{"self":[{"href":"https:\/\/zentrum-fuer-kunst.de\/en\/wp-json\/wp\/v2\/pages\/18074","targetHints":{"allow":["GET"]}}],"collection":[{"href":"https:\/\/zentrum-fuer-kunst.de\/en\/wp-json\/wp\/v2\/pages"}],"about":[{"href":"https:\/\/zentrum-fuer-kunst.de\/en\/wp-json\/wp\/v2\/types\/page"}],"author":[{"embeddable":true,"href":"https:\/\/zentrum-fuer-kunst.de\/en\/wp-json\/wp\/v2\/users\/1"}],"replies":[{"embeddable":true,"href":"https:\/\/zentrum-fuer-kunst.de\/en\/wp-json\/wp\/v2\/comments?post=18074"}],"version-history":[{"count":12,"href":"https:\/\/zentrum-fuer-kunst.de\/en\/wp-json\/wp\/v2\/pages\/18074\/revisions"}],"predecessor-version":[{"id":18434,"href":"https:\/\/zentrum-fuer-kunst.de\/en\/wp-json\/wp\/v2\/pages\/18074\/revisions\/18434"}],"wp:featuredmedia":[{"embeddable":true,"href":"https:\/\/zentrum-fuer-kunst.de\/en\/wp-json\/wp\/v2\/media\/12440"}],"wp:attachment":[{"href":"https:\/\/zentrum-fuer-kunst.de\/en\/wp-json\/wp\/v2\/media?parent=18074"}],"curies":[{"name":"wp","href":"https:\/\/api.w.org\/{rel}","templated":true}]}}