{"id":18204,"date":"2025-07-07T22:22:08","date_gmt":"2025-07-07T20:22:08","guid":{"rendered":"https:\/\/zentrum-fuer-kunst.de\/?page_id=18204"},"modified":"2025-07-17T16:16:34","modified_gmt":"2025-07-17T14:16:34","slug":"imprint","status":"publish","type":"page","link":"https:\/\/zentrum-fuer-kunst.de\/en\/imprint\/","title":{"rendered":"IMPRINT"},"content":{"rendered":"<div data-elementor-type=\"wp-page\" data-elementor-id=\"18204\" class=\"elementor elementor-18204\" data-elementor-post-type=\"page\">\n\t\t\t\t\t\t<section class=\"elementor-section elementor-top-section elementor-element elementor-element-2fd808c elementor-section-boxed elementor-section-height-default elementor-section-height-default\" data-id=\"2fd808c\" data-element_type=\"section\" data-e-type=\"section\">\n\t\t\t\t\t\t<div class=\"elementor-container elementor-column-gap-default\">\n\t\t\t\t\t<div class=\"elementor-column elementor-col-100 elementor-top-column elementor-element elementor-element-23d6a2a\" data-id=\"23d6a2a\" data-element_type=\"column\" data-e-type=\"column\">\n\t\t\t<div class=\"elementor-widget-wrap elementor-element-populated\">\n\t\t\t\t\t\t<div class=\"elementor-element elementor-element-7ba2946 elementor-widget elementor-widget-heading\" data-id=\"7ba2946\" data-element_type=\"widget\" data-e-type=\"widget\" data-widget_type=\"heading.default\">\n\t\t\t\t<div class=\"elementor-widget-container\">\n\t\t\t\t\t<h2 class=\"elementor-heading-title elementor-size-default\">IMPRINT<\/h2>\t\t\t\t<\/div>\n\t\t\t\t<\/div>\n\t\t\t\t\t<\/div>\n\t\t<\/div>\n\t\t\t\t\t<\/div>\n\t\t<\/section>\n\t\t\t\t<section class=\"elementor-section elementor-top-section elementor-element elementor-element-d676dbb elementor-section-boxed elementor-section-height-default elementor-section-height-default\" data-id=\"d676dbb\" data-element_type=\"section\" data-e-type=\"section\">\n\t\t\t\t\t\t<div class=\"elementor-container elementor-column-gap-default\">\n\t\t\t\t\t<div class=\"elementor-column elementor-col-100 elementor-top-column elementor-element elementor-element-22b1680\" data-id=\"22b1680\" data-element_type=\"column\" data-e-type=\"column\">\n\t\t\t<div class=\"elementor-widget-wrap elementor-element-populated\">\n\t\t\t\t\t\t<div class=\"elementor-element elementor-element-59ad157 elementor-widget elementor-widget-spacer\" data-id=\"59ad157\" data-element_type=\"widget\" data-e-type=\"widget\" data-widget_type=\"spacer.default\">\n\t\t\t\t<div class=\"elementor-widget-container\">\n\t\t\t\t\t\t\t<div class=\"elementor-spacer\">\n\t\t\t<div class=\"elementor-spacer-inner\"><\/div>\n\t\t<\/div>\n\t\t\t\t\t\t<\/div>\n\t\t\t\t<\/div>\n\t\t\t\t\t<\/div>\n\t\t<\/div>\n\t\t\t\t\t<\/div>\n\t\t<\/section>\n\t\t\t\t<section class=\"elementor-section elementor-top-section elementor-element elementor-element-a70651f elementor-section-boxed elementor-section-height-default elementor-section-height-default\" data-id=\"a70651f\" data-element_type=\"section\" data-e-type=\"section\">\n\t\t\t\t\t\t<div class=\"elementor-container elementor-column-gap-default\">\n\t\t\t\t\t<div class=\"elementor-column elementor-col-100 elementor-top-column elementor-element elementor-element-f824e88\" data-id=\"f824e88\" data-element_type=\"column\" data-e-type=\"column\">\n\t\t\t<div class=\"elementor-widget-wrap elementor-element-populated\">\n\t\t\t\t\t\t<div class=\"elementor-element elementor-element-7201922 elementor-widget-divider--view-line elementor-widget elementor-widget-divider\" data-id=\"7201922\" data-element_type=\"widget\" data-e-type=\"widget\" data-widget_type=\"divider.default\">\n\t\t\t\t<div class=\"elementor-widget-container\">\n\t\t\t\t\t\t\t<div class=\"elementor-divider\">\n\t\t\t<span class=\"elementor-divider-separator\">\n\t\t\t\t\t\t<\/span>\n\t\t<\/div>\n\t\t\t\t\t\t<\/div>\n\t\t\t\t<\/div>\n\t\t\t\t\t<\/div>\n\t\t<\/div>\n\t\t\t\t\t<\/div>\n\t\t<\/section>\n\t\t\t\t<section class=\"elementor-section elementor-top-section elementor-element elementor-element-65fbe5f elementor-section-boxed elementor-section-height-default elementor-section-height-default\" data-id=\"65fbe5f\" data-element_type=\"section\" data-e-type=\"section\">\n\t\t\t\t\t\t<div class=\"elementor-container elementor-column-gap-default\">\n\t\t\t\t\t<div class=\"elementor-column elementor-col-100 elementor-top-column elementor-element elementor-element-45b3407\" data-id=\"45b3407\" data-element_type=\"column\" data-e-type=\"column\">\n\t\t\t<div class=\"elementor-widget-wrap elementor-element-populated\">\n\t\t\t\t\t\t<div class=\"elementor-element elementor-element-a62faeb elementor-widget elementor-widget-spacer\" data-id=\"a62faeb\" data-element_type=\"widget\" data-e-type=\"widget\" data-widget_type=\"spacer.default\">\n\t\t\t\t<div class=\"elementor-widget-container\">\n\t\t\t\t\t\t\t<div class=\"elementor-spacer\">\n\t\t\t<div class=\"elementor-spacer-inner\"><\/div>\n\t\t<\/div>\n\t\t\t\t\t\t<\/div>\n\t\t\t\t<\/div>\n\t\t\t\t\t<\/div>\n\t\t<\/div>\n\t\t\t\t\t<\/div>\n\t\t<\/section>\n\t\t\t\t<section class=\"elementor-section elementor-top-section elementor-element elementor-element-7922c59b elementor-section-boxed elementor-section-height-default elementor-section-height-default\" data-id=\"7922c59b\" data-element_type=\"section\" data-e-type=\"section\">\n\t\t\t\t\t\t<div class=\"elementor-container elementor-column-gap-default\">\n\t\t\t\t\t<div class=\"elementor-column elementor-col-100 elementor-top-column elementor-element elementor-element-75760ae2\" data-id=\"75760ae2\" data-element_type=\"column\" data-e-type=\"column\">\n\t\t\t<div class=\"elementor-widget-wrap elementor-element-populated\">\n\t\t\t\t\t\t<div class=\"elementor-element elementor-element-57ca63d0 elementor-widget elementor-widget-text-editor\" data-id=\"57ca63d0\" data-element_type=\"widget\" data-e-type=\"widget\" data-widget_type=\"text-editor.default\">\n\t\t\t\t<div class=\"elementor-widget-container\">\n\t\t\t\t\t\t\t\t\t<p><\/p>\n<h4 class=\"wp-block-heading\">Publisher of the Website<\/h4>\n<p><\/p>\n<p>Zentrum f\u00fcr Kunst<br \/>Referat 14 &#8211; Der Senator f\u00fcr Kultur<br \/>Hermann-Ritter-Stra\u00dfe 108 E<br \/>28197 Bremen<\/p>\n<p><strong data-start=\"220\" data-end=\"238\">Center for Art<\/strong><br data-start=\"238\" data-end=\"241\" \/>Department 14 \u2013 The Senator for Culture<br data-start=\"280\" data-end=\"283\" \/>Hermann-Ritter-Stra\u00dfe 108 E<br data-start=\"310\" data-end=\"313\" \/>28197 Bremen, Germany<\/p>\n<p><\/p>\n<h4 class=\"wp-block-heading\">Editorial, Coordination and Information Management<\/h4>\n<p><\/p>\n<p>The Senator for Culture<\/p>\n<p><strong data-start=\"422\" data-end=\"440\">Claudia Klocke<\/strong><br data-start=\"440\" data-end=\"443\" \/>PR &amp; Marketing, Center for Art \u2013 Department 14, Senator for Culture<br data-start=\"510\" data-end=\"513\" \/>Email: <a class=\"cursor-pointer\" rel=\"noopener\" data-start=\"520\" data-end=\"551\">claudia.klocke@kultur.bremen.de<\/a><\/p>\n<p>The online forms, texts, images, and graphics are provided by the Senator for Culture. They are intended solely for the personal use and information of the user. Any reproduction, publication, storage in databases, commercial use, or distribution to third parties is not permitted. Copyright for the online forms, texts, images, and graphics lies with the Senator for Culture, Department 14 \u2013 Center for Art.<\/p>\n<p><\/p>\n<h4 class=\"wp-block-heading\">Design \/ Programming<\/h4>\n<p><\/p>\n<p>The design of this website was created by <strong data-start=\"1031\" data-end=\"1045\">Jana Witte<\/strong>, <a href=\"http:\/\/www.roter-faden-mediengestaltung.de\">Roter Faden Mediengestaltung<\/a>.<\/p>\n<p><\/p>\n<h4 class=\"wp-block-heading\">Limitation of Liability<\/h4>\n<p><\/p>\n<p data-start=\"1107\" data-end=\"1394\">The Senator for Culture excludes liability for damages resulting from breaches of duty and from tort, regarding all applications, information, and other elements presented under the URL <strong data-start=\"1293\" data-end=\"1322\"><a class=\"cursor-pointer\" target=\"_new\" rel=\"noopener\" data-start=\"1295\" data-end=\"1320\">www.zentrum-fuer-kunst.de<\/a><\/strong>, unless the cause of the damage is based on intent or gross negligence.<\/p>\n<p data-start=\"1396\" data-end=\"1589\">In the event of a breach of an essential contractual obligation, liability is also assumed for slight negligence, but only for direct damages. This limitation does not apply to personal injury.<\/p>\n<p><\/p>\n<h4 class=\"wp-block-heading\">Data Protection Notice<\/h4>\n<p><\/p>\n<p>Where names are listed on the homepage of the Center for Art, the individuals concerned have given their consent. For data protection reasons, names have otherwise been omitted.<\/p>\n<p><\/p>\n<h4 class=\"wp-block-heading\">External Links<\/h4>\n<p><\/p>\n<p>Our website contains links to external third-party websites. The respective providers are solely responsible for the content of these websites.<\/p>\n<p>The Senator for Culture, Department 14 \u2013 Center for Art, assumes no responsibility for the content of websites accessible via external links. These links are not subject to a detailed review at the time of inclusion. Continuous monitoring of the content is neither intended nor feasible. We explicitly distance ourselves from any content that may be legally questionable or violate common decency. If we become aware of legal infringements, such links will be removed immediately.<\/p>\n<p>\u00a0<\/p>\n<p><\/p>\t\t\t\t\t\t\t\t<\/div>\n\t\t\t\t<\/div>\n\t\t\t\t\t<\/div>\n\t\t<\/div>\n\t\t\t\t\t<\/div>\n\t\t<\/section>\n\t\t\t\t<section class=\"elementor-section elementor-top-section elementor-element elementor-element-70cdeed elementor-section-boxed elementor-section-height-default elementor-section-height-default\" data-id=\"70cdeed\" data-element_type=\"section\" data-e-type=\"section\">\n\t\t\t\t\t\t<div class=\"elementor-container elementor-column-gap-default\">\n\t\t\t\t\t<div class=\"elementor-column elementor-col-100 elementor-top-column elementor-element elementor-element-8ec22d0\" data-id=\"8ec22d0\" data-element_type=\"column\" data-e-type=\"column\">\n\t\t\t<div class=\"elementor-widget-wrap elementor-element-populated\">\n\t\t\t\t\t\t<div class=\"elementor-element elementor-element-c3698e4 elementor-widget elementor-widget-spacer\" data-id=\"c3698e4\" data-element_type=\"widget\" data-e-type=\"widget\" data-widget_type=\"spacer.default\">\n\t\t\t\t<div class=\"elementor-widget-container\">\n\t\t\t\t\t\t\t<div class=\"elementor-spacer\">\n\t\t\t<div class=\"elementor-spacer-inner\"><\/div>\n\t\t<\/div>\n\t\t\t\t\t\t<\/div>\n\t\t\t\t<\/div>\n\t\t\t\t\t<\/div>\n\t\t<\/div>\n\t\t\t\t\t<\/div>\n\t\t<\/section>\n\t\t\t\t<section class=\"elementor-section elementor-top-section elementor-element elementor-element-cc79b7e elementor-section-boxed elementor-section-height-default elementor-section-height-default\" data-id=\"cc79b7e\" data-element_type=\"section\" data-e-type=\"section\">\n\t\t\t\t\t\t<div class=\"elementor-container elementor-column-gap-default\">\n\t\t\t\t\t<div class=\"elementor-column elementor-col-100 elementor-top-column elementor-element elementor-element-de2a054\" data-id=\"de2a054\" data-element_type=\"column\" data-e-type=\"column\">\n\t\t\t<div class=\"elementor-widget-wrap elementor-element-populated\">\n\t\t\t\t\t\t<div class=\"elementor-element elementor-element-7a40739 elementor-widget elementor-widget-spacer\" data-id=\"7a40739\" data-element_type=\"widget\" data-e-type=\"widget\" data-widget_type=\"spacer.default\">\n\t\t\t\t<div class=\"elementor-widget-container\">\n\t\t\t\t\t\t\t<div class=\"elementor-spacer\">\n\t\t\t<div class=\"elementor-spacer-inner\"><\/div>\n\t\t<\/div>\n\t\t\t\t\t\t<\/div>\n\t\t\t\t<\/div>\n\t\t\t\t\t<\/div>\n\t\t<\/div>\n\t\t\t\t\t<\/div>\n\t\t<\/section>\n\t\t\t\t<\/div>","protected":false},"excerpt":{"rendered":"<p>IMPRINT Publisher of the Website Zentrum f\u00fcr KunstReferat 14 &#8211; Der Senator f\u00fcr KulturHermann-Ritter-Stra\u00dfe 108 E28197 Bremen Center for ArtDepartment 14 \u2013 The Senator for CultureHermann-Ritter-Stra\u00dfe 108 E28197 Bremen, Germany Editorial, Coordination and Information Management The Senator for Culture Claudia KlockePR &amp; Marketing, Center for Art \u2013 Department 14, Senator for CultureEmail: claudia.klocke@kultur.bremen.de The online&#8230;<\/p>","protected":false},"author":1,"featured_media":0,"parent":0,"menu_order":0,"comment_status":"closed","ping_status":"closed","template":"","meta":{"_tbt_post_transparent":"","_tbt_post_title":"","_tbt_post_layout":"","_tbt_post_sidebar_id":"","_tbt_post_content_style":"","_tbt_post_vertical_padding":"","_tbt_post_feature":"","_tbt_post_feature_position":"","_tbt_post_header":false,"_tbt_post_footer":false},"class_list":["post-18204","page","type-page","status-publish","hentry"],"acf":[],"yoast_head":"<!-- This site is optimized with the Yoast SEO plugin v27.3 - https:\/\/yoast.com\/product\/yoast-seo-wordpress\/ -->\n<title>IMPRINT - Zentrum f\u00fcr Kunst<\/title>\n<meta name=\"robots\" content=\"index, follow, max-snippet:-1, max-image-preview:large, max-video-preview:-1\" \/>\n<link rel=\"canonical\" href=\"https:\/\/zentrum-fuer-kunst.de\/en\/imprint\/\" \/>\n<meta property=\"og:locale\" content=\"en_GB\" \/>\n<meta property=\"og:type\" content=\"article\" \/>\n<meta property=\"og:title\" content=\"IMPRINT - Zentrum f\u00fcr Kunst\" \/>\n<meta property=\"og:description\" content=\"IMPRINT Publisher of the Website Zentrum f\u00fcr KunstReferat 14 &#8211; Der Senator f\u00fcr KulturHermann-Ritter-Stra\u00dfe 108 E28197 Bremen Center for ArtDepartment 14 \u2013 The Senator for CultureHermann-Ritter-Stra\u00dfe 108 E28197 Bremen, Germany Editorial, Coordination and Information Management The Senator for Culture Claudia KlockePR &amp; Marketing, Center for Art \u2013 Department 14, Senator for CultureEmail: claudia.klocke@kultur.bremen.de The online...\" \/>\n<meta property=\"og:url\" content=\"https:\/\/zentrum-fuer-kunst.de\/en\/imprint\/\" \/>\n<meta property=\"og:site_name\" content=\"Zentrum f\u00fcr Kunst\" \/>\n<meta property=\"article:modified_time\" content=\"2025-07-17T14:16:34+00:00\" \/>\n<meta name=\"twitter:card\" content=\"summary_large_image\" \/>\n<meta name=\"twitter:label1\" content=\"Estimated reading time\" \/>\n\t<meta name=\"twitter:data1\" content=\"2 minutes\" \/>\n<script type=\"application\/ld+json\" class=\"yoast-schema-graph\">{\"@context\":\"https:\\\/\\\/schema.org\",\"@graph\":[{\"@type\":\"WebPage\",\"@id\":\"https:\\\/\\\/zentrum-fuer-kunst.de\\\/en\\\/imprint\\\/\",\"url\":\"https:\\\/\\\/zentrum-fuer-kunst.de\\\/en\\\/imprint\\\/\",\"name\":\"IMPRINT - Zentrum f\u00fcr Kunst\",\"isPartOf\":{\"@id\":\"https:\\\/\\\/zentrum-fuer-kunst.de\\\/en\\\/#website\"},\"datePublished\":\"2025-07-07T20:22:08+00:00\",\"dateModified\":\"2025-07-17T14:16:34+00:00\",\"inLanguage\":\"en-GB\",\"potentialAction\":[{\"@type\":\"ReadAction\",\"target\":[\"https:\\\/\\\/zentrum-fuer-kunst.de\\\/en\\\/imprint\\\/\"]}]},{\"@type\":\"WebSite\",\"@id\":\"https:\\\/\\\/zentrum-fuer-kunst.de\\\/en\\\/#website\",\"url\":\"https:\\\/\\\/zentrum-fuer-kunst.de\\\/en\\\/\",\"name\":\"Zentrum f\u00fcr Kunst\",\"description\":\"B\u00fchnen und Ateliers f\u00fcr die Freie Kunst-Szene Bremen.\",\"publisher\":{\"@id\":\"https:\\\/\\\/zentrum-fuer-kunst.de\\\/en\\\/#organization\"},\"potentialAction\":[{\"@type\":\"SearchAction\",\"target\":{\"@type\":\"EntryPoint\",\"urlTemplate\":\"https:\\\/\\\/zentrum-fuer-kunst.de\\\/en\\\/?s={search_term_string}\"},\"query-input\":{\"@type\":\"PropertyValueSpecification\",\"valueRequired\":true,\"valueName\":\"search_term_string\"}}],\"inLanguage\":\"en-GB\"},{\"@type\":\"Organization\",\"@id\":\"https:\\\/\\\/zentrum-fuer-kunst.de\\\/en\\\/#organization\",\"name\":\"Zentrum f\u00fcr Kunst\",\"url\":\"https:\\\/\\\/zentrum-fuer-kunst.de\\\/en\\\/\",\"logo\":{\"@type\":\"ImageObject\",\"inLanguage\":\"en-GB\",\"@id\":\"https:\\\/\\\/zentrum-fuer-kunst.de\\\/en\\\/#\\\/schema\\\/logo\\\/image\\\/\",\"url\":\"https:\\\/\\\/zentrum-fuer-kunst.de\\\/wp-content\\\/uploads\\\/2023\\\/07\\\/cropped-Logo_Zentrum_fuer_Kunst_weiss-2.png\",\"contentUrl\":\"https:\\\/\\\/zentrum-fuer-kunst.de\\\/wp-content\\\/uploads\\\/2023\\\/07\\\/cropped-Logo_Zentrum_fuer_Kunst_weiss-2.png\",\"width\":767,\"height\":290,\"caption\":\"Zentrum f\u00fcr Kunst\"},\"image\":{\"@id\":\"https:\\\/\\\/zentrum-fuer-kunst.de\\\/en\\\/#\\\/schema\\\/logo\\\/image\\\/\"}}]}<\/script>\n<!-- \/ Yoast SEO plugin. -->","yoast_head_json":{"title":"IMPRINT - Zentrum f\u00fcr Kunst","robots":{"index":"index","follow":"follow","max-snippet":"max-snippet:-1","max-image-preview":"max-image-preview:large","max-video-preview":"max-video-preview:-1"},"canonical":"https:\/\/zentrum-fuer-kunst.de\/en\/imprint\/","og_locale":"en_GB","og_type":"article","og_title":"IMPRINT - Zentrum f\u00fcr Kunst","og_description":"IMPRINT Publisher of the Website Zentrum f\u00fcr KunstReferat 14 &#8211; Der Senator f\u00fcr KulturHermann-Ritter-Stra\u00dfe 108 E28197 Bremen Center for ArtDepartment 14 \u2013 The Senator for CultureHermann-Ritter-Stra\u00dfe 108 E28197 Bremen, Germany Editorial, Coordination and Information Management The Senator for Culture Claudia KlockePR &amp; Marketing, Center for Art \u2013 Department 14, Senator for CultureEmail: claudia.klocke@kultur.bremen.de The online...","og_url":"https:\/\/zentrum-fuer-kunst.de\/en\/imprint\/","og_site_name":"Zentrum f\u00fcr Kunst","article_modified_time":"2025-07-17T14:16:34+00:00","twitter_card":"summary_large_image","twitter_misc":{"Estimated reading time":"2 minutes"},"schema":{"@context":"https:\/\/schema.org","@graph":[{"@type":"WebPage","@id":"https:\/\/zentrum-fuer-kunst.de\/en\/imprint\/","url":"https:\/\/zentrum-fuer-kunst.de\/en\/imprint\/","name":"IMPRINT - Zentrum f\u00fcr Kunst","isPartOf":{"@id":"https:\/\/zentrum-fuer-kunst.de\/en\/#website"},"datePublished":"2025-07-07T20:22:08+00:00","dateModified":"2025-07-17T14:16:34+00:00","inLanguage":"en-GB","potentialAction":[{"@type":"ReadAction","target":["https:\/\/zentrum-fuer-kunst.de\/en\/imprint\/"]}]},{"@type":"WebSite","@id":"https:\/\/zentrum-fuer-kunst.de\/en\/#website","url":"https:\/\/zentrum-fuer-kunst.de\/en\/","name":"Zentrum f\u00fcr Kunst","description":"B\u00fchnen und Ateliers f\u00fcr die Freie Kunst-Szene Bremen.","publisher":{"@id":"https:\/\/zentrum-fuer-kunst.de\/en\/#organization"},"potentialAction":[{"@type":"SearchAction","target":{"@type":"EntryPoint","urlTemplate":"https:\/\/zentrum-fuer-kunst.de\/en\/?s={search_term_string}"},"query-input":{"@type":"PropertyValueSpecification","valueRequired":true,"valueName":"search_term_string"}}],"inLanguage":"en-GB"},{"@type":"Organization","@id":"https:\/\/zentrum-fuer-kunst.de\/en\/#organization","name":"Zentrum f\u00fcr Kunst","url":"https:\/\/zentrum-fuer-kunst.de\/en\/","logo":{"@type":"ImageObject","inLanguage":"en-GB","@id":"https:\/\/zentrum-fuer-kunst.de\/en\/#\/schema\/logo\/image\/","url":"https:\/\/zentrum-fuer-kunst.de\/wp-content\/uploads\/2023\/07\/cropped-Logo_Zentrum_fuer_Kunst_weiss-2.png","contentUrl":"https:\/\/zentrum-fuer-kunst.de\/wp-content\/uploads\/2023\/07\/cropped-Logo_Zentrum_fuer_Kunst_weiss-2.png","width":767,"height":290,"caption":"Zentrum f\u00fcr Kunst"},"image":{"@id":"https:\/\/zentrum-fuer-kunst.de\/en\/#\/schema\/logo\/image\/"}}]}},"_links":{"self":[{"href":"https:\/\/zentrum-fuer-kunst.de\/en\/wp-json\/wp\/v2\/pages\/18204","targetHints":{"allow":["GET"]}}],"collection":[{"href":"https:\/\/zentrum-fuer-kunst.de\/en\/wp-json\/wp\/v2\/pages"}],"about":[{"href":"https:\/\/zentrum-fuer-kunst.de\/en\/wp-json\/wp\/v2\/types\/page"}],"author":[{"embeddable":true,"href":"https:\/\/zentrum-fuer-kunst.de\/en\/wp-json\/wp\/v2\/users\/1"}],"replies":[{"embeddable":true,"href":"https:\/\/zentrum-fuer-kunst.de\/en\/wp-json\/wp\/v2\/comments?post=18204"}],"version-history":[{"count":12,"href":"https:\/\/zentrum-fuer-kunst.de\/en\/wp-json\/wp\/v2\/pages\/18204\/revisions"}],"predecessor-version":[{"id":18489,"href":"https:\/\/zentrum-fuer-kunst.de\/en\/wp-json\/wp\/v2\/pages\/18204\/revisions\/18489"}],"wp:attachment":[{"href":"https:\/\/zentrum-fuer-kunst.de\/en\/wp-json\/wp\/v2\/media?parent=18204"}],"curies":[{"name":"wp","href":"https:\/\/api.w.org\/{rel}","templated":true}]}}